{"id":2879,"date":"2022-02-22T12:09:23","date_gmt":"2022-02-22T11:09:23","guid":{"rendered":"https:\/\/www.swisslabnat.com\/contact\/"},"modified":"2022-08-06T11:24:54","modified_gmt":"2022-08-06T09:24:54","slug":"contact","status":"publish","type":"page","link":"https:\/\/www.swisslabnat.com\/en\/contact\/","title":{"rendered":"Contact"},"content":{"rendered":"\t\t<div data-elementor-type=\"wp-page\" data-elementor-id=\"2879\" class=\"elementor elementor-2879 elementor-1318\" data-elementor-post-type=\"page\">\n\t\t\t\t\t\t<section class=\"has_ae_slider elementor-section elementor-top-section elementor-element elementor-element-bfb91a7 elementor-section-full_width elementor-section-stretched elementor-section-height-min-height elementor-section-height-default elementor-section-items-middle ae-bg-gallery-type-default\" data-id=\"bfb91a7\" data-element_type=\"section\" data-e-type=\"section\" data-settings=\"{&quot;stretch_section&quot;:&quot;section-stretched&quot;,&quot;background_background&quot;:&quot;classic&quot;}\">\n\t\t\t\t\t\t\t<div class=\"elementor-background-overlay\"><\/div>\n\t\t\t\t\t\t\t<div class=\"elementor-container elementor-column-gap-default\">\n\t\t\t\t\t<div class=\"has_ae_slider elementor-column elementor-col-33 elementor-top-column elementor-element elementor-element-21d8e84 ae-bg-gallery-type-default\" data-id=\"21d8e84\" data-element_type=\"column\" data-e-type=\"column\" data-settings=\"{&quot;background_background&quot;:&quot;classic&quot;}\">\n\t\t\t<div class=\"elementor-widget-wrap\">\n\t\t\t\t\t\t\t<\/div>\n\t\t<\/div>\n\t\t\t\t<div class=\"has_ae_slider elementor-column elementor-col-33 elementor-top-column elementor-element elementor-element-01cb3b3 ae-bg-gallery-type-default\" data-id=\"01cb3b3\" data-element_type=\"column\" data-e-type=\"column\">\n\t\t\t<div class=\"elementor-widget-wrap elementor-element-populated\">\n\t\t\t\t\t\t<div class=\"elementor-element elementor-element-2488440 elementor-widget elementor-widget-heading\" data-id=\"2488440\" data-element_type=\"widget\" data-e-type=\"widget\" data-widget_type=\"heading.default\">\n\t\t\t\t<div class=\"elementor-widget-container\">\n\t\t\t\t\t<h2 class=\"elementor-heading-title elementor-size-default\">Contact<\/h2>\t\t\t\t<\/div>\n\t\t\t\t<\/div>\n\t\t\t\t<div class=\"elementor-element elementor-element-4363ef6 elementor-widget-divider--view-line elementor-widget elementor-widget-divider\" data-id=\"4363ef6\" data-element_type=\"widget\" data-e-type=\"widget\" data-widget_type=\"divider.default\">\n\t\t\t\t<div class=\"elementor-widget-container\">\n\t\t\t\t\t\t\t<div class=\"elementor-divider\">\n\t\t\t<span class=\"elementor-divider-separator\">\n\t\t\t\t\t\t<\/span>\n\t\t<\/div>\n\t\t\t\t\t\t<\/div>\n\t\t\t\t<\/div>\n\t\t\t\t\t<\/div>\n\t\t<\/div>\n\t\t\t\t<div class=\"has_ae_slider elementor-column elementor-col-33 elementor-top-column elementor-element elementor-element-afb49a9 ae-bg-gallery-type-default\" data-id=\"afb49a9\" data-element_type=\"column\" data-e-type=\"column\">\n\t\t\t<div class=\"elementor-widget-wrap\">\n\t\t\t\t\t\t\t<\/div>\n\t\t<\/div>\n\t\t\t\t\t<\/div>\n\t\t<\/section>\n\t\t\t\t<section class=\"has_ae_slider elementor-section elementor-top-section elementor-element elementor-element-03cbec2 elementor-section-boxed elementor-section-height-default elementor-section-height-default ae-bg-gallery-type-default\" data-id=\"03cbec2\" data-element_type=\"section\" data-e-type=\"section\">\n\t\t\t\t\t\t<div class=\"elementor-container elementor-column-gap-default\">\n\t\t\t\t\t<div class=\"has_ae_slider elementor-column elementor-col-100 elementor-top-column elementor-element elementor-element-60080d7 ae-bg-gallery-type-default\" data-id=\"60080d7\" data-element_type=\"column\" data-e-type=\"column\">\n\t\t\t<div class=\"elementor-widget-wrap elementor-element-populated\">\n\t\t\t\t\t\t<div class=\"elementor-element elementor-element-0434aec elementor-widget elementor-widget-heading\" data-id=\"0434aec\" data-element_type=\"widget\" data-e-type=\"widget\" data-widget_type=\"heading.default\">\n\t\t\t\t<div class=\"elementor-widget-container\">\n\t\t\t\t\t<h2 class=\"elementor-heading-title elementor-size-medium\">Keep in touch ?<\/h2>\t\t\t\t<\/div>\n\t\t\t\t<\/div>\n\t\t\t\t<div class=\"elementor-element elementor-element-96deffe elementor-widget-divider--view-line elementor-widget elementor-widget-divider\" data-id=\"96deffe\" data-element_type=\"widget\" data-e-type=\"widget\" data-widget_type=\"divider.default\">\n\t\t\t\t<div class=\"elementor-widget-container\">\n\t\t\t\t\t\t\t<div class=\"elementor-divider\">\n\t\t\t<span class=\"elementor-divider-separator\">\n\t\t\t\t\t\t<\/span>\n\t\t<\/div>\n\t\t\t\t\t\t<\/div>\n\t\t\t\t<\/div>\n\t\t\t\t<section class=\"has_ae_slider elementor-section elementor-inner-section elementor-element elementor-element-88ef397 elementor-section-boxed elementor-section-height-default elementor-section-height-default ae-bg-gallery-type-default\" data-id=\"88ef397\" data-element_type=\"section\" data-e-type=\"section\">\n\t\t\t\t\t\t<div class=\"elementor-container elementor-column-gap-default\">\n\t\t\t\t\t<div class=\"has_ae_slider elementor-column elementor-col-50 elementor-inner-column elementor-element elementor-element-13a1eb6 ae-bg-gallery-type-default\" data-id=\"13a1eb6\" data-element_type=\"column\" data-e-type=\"column\">\n\t\t\t<div class=\"elementor-widget-wrap elementor-element-populated\">\n\t\t\t\t\t\t<div class=\"elementor-element elementor-element-5a7d237 elementor-button-align-start elementor-widget elementor-widget-form\" data-id=\"5a7d237\" data-element_type=\"widget\" data-e-type=\"widget\" data-settings=\"{&quot;step_next_label&quot;:&quot;Next&quot;,&quot;step_previous_label&quot;:&quot;Previous&quot;,&quot;button_width&quot;:&quot;100&quot;,&quot;step_type&quot;:&quot;number_text&quot;,&quot;step_icon_shape&quot;:&quot;circle&quot;}\" data-widget_type=\"form.default\">\n\t\t\t\t<div class=\"elementor-widget-container\">\n\t\t\t\t\t\t\t<form class=\"elementor-form\" method=\"post\" name=\"New form\" aria-label=\"New form\">\n\t\t\t<input type=\"hidden\" name=\"post_id\" value=\"2879\"\/>\n\t\t\t<input type=\"hidden\" name=\"form_id\" value=\"5a7d237\"\/>\n\t\t\t<input type=\"hidden\" name=\"referer_title\" value=\"Contact - Swisslabnat S\u00e0rl\" \/>\n\n\t\t\t\t\t\t\t<input type=\"hidden\" name=\"queried_id\" value=\"2879\"\/>\n\t\t\t\n\t\t\t<div class=\"elementor-form-fields-wrapper elementor-labels-above\">\n\t\t\t\t\t\t\t\t<div class=\"elementor-field-type-text elementor-field-group elementor-column elementor-field-group-name elementor-col-40 elementor-field-required elementor-mark-required\">\n\t\t\t\t\t\t\t\t\t\t\t\t<label for=\"form-field-name\" class=\"elementor-field-label\">\n\t\t\t\t\t\t\t\tName\t\t\t\t\t\t\t<\/label>\n\t\t\t\t\t\t\t\t\t\t\t\t\t\t<input size=\"1\" type=\"text\" name=\"form_fields[name]\" id=\"form-field-name\" class=\"elementor-field elementor-size-sm  elementor-field-textual\" placeholder=\"Name\" required=\"required\">\n\t\t\t\t\t\t\t\t\t\t\t<\/div>\n\t\t\t\t\t\t\t\t<div class=\"elementor-field-type-text elementor-field-group elementor-column elementor-field-group-field_68f19ca elementor-col-40 elementor-field-required elementor-mark-required\">\n\t\t\t\t\t\t\t\t\t\t\t\t<label for=\"form-field-field_68f19ca\" class=\"elementor-field-label\">\n\t\t\t\t\t\t\t\tFirst name\t\t\t\t\t\t\t<\/label>\n\t\t\t\t\t\t\t\t\t\t\t\t\t\t<input size=\"1\" type=\"text\" name=\"form_fields[field_68f19ca]\" id=\"form-field-field_68f19ca\" class=\"elementor-field elementor-size-sm  elementor-field-textual\" required=\"required\">\n\t\t\t\t\t\t\t\t\t\t\t<\/div>\n\t\t\t\t\t\t\t\t<div class=\"elementor-field-type-email elementor-field-group elementor-column elementor-field-group-email elementor-col-100 elementor-field-required elementor-mark-required\">\n\t\t\t\t\t\t\t\t\t\t\t\t<label for=\"form-field-email\" class=\"elementor-field-label\">\n\t\t\t\t\t\t\t\tE-mail\t\t\t\t\t\t\t<\/label>\n\t\t\t\t\t\t\t\t\t\t\t\t\t\t<input size=\"1\" type=\"email\" name=\"form_fields[email]\" id=\"form-field-email\" class=\"elementor-field elementor-size-sm  elementor-field-textual\" placeholder=\"E-mail\" required=\"required\">\n\t\t\t\t\t\t\t\t\t\t\t<\/div>\n\t\t\t\t\t\t\t\t<div class=\"elementor-field-type-textarea elementor-field-group elementor-column elementor-field-group-message elementor-col-100\">\n\t\t\t\t\t\t\t\t\t\t\t\t<label for=\"form-field-message\" class=\"elementor-field-label\">\n\t\t\t\t\t\t\t\tMessage\t\t\t\t\t\t\t<\/label>\n\t\t\t\t\t\t<textarea class=\"elementor-field-textual elementor-field  elementor-size-sm\" name=\"form_fields[message]\" id=\"form-field-message\" rows=\"4\" placeholder=\"Message\"><\/textarea>\t\t\t\t<\/div>\n\t\t\t\t\t\t\t\t<div class=\"elementor-field-type-recaptcha elementor-field-group elementor-column elementor-field-group-field_e4d19e0 elementor-col-100\">\n\t\t\t\t\t<div class=\"elementor-field\" id=\"form-field-field_e4d19e0\"><div class=\"elementor-g-recaptcha\" data-sitekey=\"6Lcc7kIhAAAAAITTLwmQlYVMA8RNk-q27IT5HppU\" data-type=\"v2_checkbox\" data-theme=\"light\" data-size=\"normal\"><\/div><\/div>\t\t\t\t<\/div>\n\t\t\t\t\t\t\t\t<div class=\"elementor-field-group elementor-column elementor-field-type-submit elementor-col-100 e-form__buttons\">\n\t\t\t\t\t<button class=\"elementor-button elementor-size-md\" type=\"submit\">\n\t\t\t\t\t\t<span class=\"elementor-button-content-wrapper\">\n\t\t\t\t\t\t\t\t\t\t\t\t\t\t\t\t\t\t\t\t\t\t<span class=\"elementor-button-text\">Send<\/span>\n\t\t\t\t\t\t\t\t\t\t\t\t\t<\/span>\n\t\t\t\t\t<\/button>\n\t\t\t\t<\/div>\n\t\t\t<\/div>\n\t\t<\/form>\n\t\t\t\t\t\t<\/div>\n\t\t\t\t<\/div>\n\t\t\t\t\t<\/div>\n\t\t<\/div>\n\t\t\t\t<div class=\"has_ae_slider elementor-column elementor-col-50 elementor-inner-column elementor-element elementor-element-80bb42c ae-bg-gallery-type-default\" data-id=\"80bb42c\" data-element_type=\"column\" data-e-type=\"column\">\n\t\t\t<div class=\"elementor-widget-wrap elementor-element-populated\">\n\t\t\t\t\t\t<div class=\"elementor-element elementor-element-43b3b89 elementor-widget elementor-widget-text-editor\" data-id=\"43b3b89\" data-element_type=\"widget\" data-e-type=\"widget\" data-widget_type=\"text-editor.default\">\n\t\t\t\t<div class=\"elementor-widget-container\">\n\t\t\t\t\t\t\t\t\t<p>We are here to answer your questions about our products or our applications. Contact us and we will respond to you as soon as possible.<\/p><p>If you feel pain or have a problem, give us a call and we&#8217;ll try to do our best to find a solution for you.<\/p>\t\t\t\t\t\t\t\t<\/div>\n\t\t\t\t<\/div>\n\t\t\t\t<div class=\"elementor-element elementor-element-8fd785f elementor-widget elementor-widget-heading\" data-id=\"8fd785f\" data-element_type=\"widget\" data-e-type=\"widget\" data-widget_type=\"heading.default\">\n\t\t\t\t<div class=\"elementor-widget-container\">\n\t\t\t\t\t<h2 class=\"elementor-heading-title elementor-size-medium\">SwissLabnat S\u00e0rl<\/h2>\t\t\t\t<\/div>\n\t\t\t\t<\/div>\n\t\t\t\t<div class=\"elementor-element elementor-element-c055be2 elementor-widget elementor-widget-text-editor\" data-id=\"c055be2\" data-element_type=\"widget\" data-e-type=\"widget\" data-widget_type=\"text-editor.default\">\n\t\t\t\t<div class=\"elementor-widget-container\">\n\t\t\t\t\t\t\t\t\t<p>Ch. by Fenix 104<br>1095 Lutry<\/p><p><span style=\"font-size: 14px; color: var( --e-global-color-text );\">+41 21 791 66 52<\/span><br> <span style=\"color: #7a7a7a;\"><a style=\"color: #7a7a7a;\" href=\"mailto:info@swisslabnat.ch\">info@swisslabnat.ch<\/a><\/span><\/p>\t\t\t\t\t\t\t\t<\/div>\n\t\t\t\t<\/div>\n\t\t\t\t\t<\/div>\n\t\t<\/div>\n\t\t\t\t\t<\/div>\n\t\t<\/section>\n\t\t\t\t\t<\/div>\n\t\t<\/div>\n\t\t\t\t\t<\/div>\n\t\t<\/section>\n\t\t\t\t<section class=\"has_ae_slider elementor-section elementor-top-section elementor-element elementor-element-b98fb46 elementor-section-boxed elementor-section-height-default elementor-section-height-default ae-bg-gallery-type-default\" data-id=\"b98fb46\" data-element_type=\"section\" data-e-type=\"section\">\n\t\t\t\t\t\t<div class=\"elementor-container elementor-column-gap-default\">\n\t\t\t\t\t<div class=\"has_ae_slider elementor-column elementor-col-100 elementor-top-column elementor-element elementor-element-4f7a347 ae-bg-gallery-type-default\" data-id=\"4f7a347\" data-element_type=\"column\" data-e-type=\"column\">\n\t\t\t<div class=\"elementor-widget-wrap elementor-element-populated\">\n\t\t\t\t\t\t<div class=\"elementor-element elementor-element-8d3f2c4 elementor-widget elementor-widget-text-editor\" data-id=\"8d3f2c4\" data-element_type=\"widget\" data-e-type=\"widget\" data-widget_type=\"text-editor.default\">\n\t\t\t\t<div class=\"elementor-widget-container\">\n\t\t\t\t\t\t\t\t\t<p>Let us know if you have any questions we can help you with. We try to respond as quickly as possible, one of our customer service colleagues will get back to you within the next few hours.<\/p>\t\t\t\t\t\t\t\t<\/div>\n\t\t\t\t<\/div>\n\t\t\t\t<div class=\"elementor-element elementor-element-1dc7fc1 elementor-widget elementor-widget-google_maps\" data-id=\"1dc7fc1\" data-element_type=\"widget\" data-e-type=\"widget\" data-widget_type=\"google_maps.default\">\n\t\t\t\t<div class=\"elementor-widget-container\">\n\t\t\t\t\t\t\t<div class=\"elementor-custom-embed\">\n\t\t\t<iframe loading=\"lazy\"\n\t\t\t\t\tsrc=\"https:\/\/maps.google.com\/maps?q=ch.%20de%20fenix%20104%2C%201095%20lutry&#038;t=m&#038;z=14&#038;output=embed&#038;iwloc=near\"\n\t\t\t\t\ttitle=\"ch. de fenix 104, 1095 lutry\"\n\t\t\t\t\taria-label=\"ch. de fenix 104, 1095 lutry\"\n\t\t\t><\/iframe>\n\t\t<\/div>\n\t\t\t\t\t\t<\/div>\n\t\t\t\t<\/div>\n\t\t\t\t\t<\/div>\n\t\t<\/div>\n\t\t\t\t\t<\/div>\n\t\t<\/section>\n\t\t\t\t<\/div>\n\t\t","protected":false},"excerpt":{"rendered":"<p>Contact Keep in touch ? We are here to answer your questions about our products or our applications. Contact us and we will respond to you as soon as possible. If you feel pain or have a problem, give us a call and we&#8217;ll try to do our best to find a solution for you. [&hellip;]<\/p>\n","protected":false},"author":1,"featured_media":0,"parent":0,"menu_order":0,"comment_status":"closed","ping_status":"closed","template":"","meta":{"_acf_changed":false,"footnotes":""},"class_list":["post-2879","page","type-page","status-publish","hentry","entry","owp-thumbs-layout-horizontal","owp-btn-normal","owp-tabs-layout-horizontal","has-no-thumbnails"],"acf":[],"yoast_head":"<!-- This site is optimized with the Yoast SEO plugin v27.5 - https:\/\/yoast.com\/product\/yoast-seo-wordpress\/ -->\n<title>Contact - Swisslabnat S\u00e0rl<\/title>\n<meta name=\"robots\" content=\"index, follow, max-snippet:-1, max-image-preview:large, max-video-preview:-1\" \/>\n<link rel=\"canonical\" href=\"https:\/\/www.swisslabnat.com\/contact\/\" \/>\n<meta property=\"og:locale\" content=\"en_US\" \/>\n<meta property=\"og:type\" content=\"article\" \/>\n<meta property=\"og:title\" content=\"Contact - Swisslabnat S\u00e0rl\" \/>\n<meta property=\"og:description\" content=\"Contact Keep in touch ? We are here to answer your questions about our products or our applications. Contact us and we will respond to you as soon as possible. If you feel pain or have a problem, give us a call and we&#8217;ll try to do our best to find a solution for you. [&hellip;]\" \/>\n<meta property=\"og:url\" content=\"https:\/\/www.swisslabnat.com\/contact\/\" \/>\n<meta property=\"og:site_name\" content=\"Swisslabnat S\u00e0rl\" \/>\n<meta property=\"article:publisher\" content=\"https:\/\/www.facebook.com\/swisslabnat\" \/>\n<meta property=\"article:modified_time\" content=\"2022-08-06T09:24:54+00:00\" \/>\n<meta name=\"twitter:card\" content=\"summary_large_image\" \/>\n<meta name=\"twitter:label1\" content=\"Est. reading time\" \/>\n\t<meta name=\"twitter:data1\" content=\"1 minute\" \/>\n<script type=\"application\/ld+json\" class=\"yoast-schema-graph\">{\"@context\":\"https:\\\/\\\/schema.org\",\"@graph\":[{\"@type\":\"WebPage\",\"@id\":\"https:\\\/\\\/www.swisslabnat.com\\\/contact\\\/\",\"url\":\"https:\\\/\\\/www.swisslabnat.com\\\/contact\\\/\",\"name\":\"Contact - Swisslabnat S\u00e0rl\",\"isPartOf\":{\"@id\":\"https:\\\/\\\/www.swisslabnat.com\\\/#website\"},\"datePublished\":\"2022-02-22T11:09:23+00:00\",\"dateModified\":\"2022-08-06T09:24:54+00:00\",\"breadcrumb\":{\"@id\":\"https:\\\/\\\/www.swisslabnat.com\\\/contact\\\/#breadcrumb\"},\"inLanguage\":\"en-US\",\"potentialAction\":[{\"@type\":\"ReadAction\",\"target\":[\"https:\\\/\\\/www.swisslabnat.com\\\/contact\\\/\"]}]},{\"@type\":\"BreadcrumbList\",\"@id\":\"https:\\\/\\\/www.swisslabnat.com\\\/contact\\\/#breadcrumb\",\"itemListElement\":[{\"@type\":\"ListItem\",\"position\":1,\"name\":\"Accueil\",\"item\":\"https:\\\/\\\/www.swisslabnat.com\\\/en\\\/\"},{\"@type\":\"ListItem\",\"position\":2,\"name\":\"Contact\"}]},{\"@type\":\"WebSite\",\"@id\":\"https:\\\/\\\/www.swisslabnat.com\\\/#website\",\"url\":\"https:\\\/\\\/www.swisslabnat.com\\\/\",\"name\":\"Swisslabnat S\u00e0rl\",\"description\":\"L&#039;\u00e9nergie de la lumi\u00e8re et le pouvoir des plantes\",\"publisher\":{\"@id\":\"https:\\\/\\\/www.swisslabnat.com\\\/#organization\"},\"potentialAction\":[{\"@type\":\"SearchAction\",\"target\":{\"@type\":\"EntryPoint\",\"urlTemplate\":\"https:\\\/\\\/www.swisslabnat.com\\\/?s={search_term_string}\"},\"query-input\":{\"@type\":\"PropertyValueSpecification\",\"valueRequired\":true,\"valueName\":\"search_term_string\"}}],\"inLanguage\":\"en-US\"},{\"@type\":\"Organization\",\"@id\":\"https:\\\/\\\/www.swisslabnat.com\\\/#organization\",\"name\":\"Swisslabnat S\u00e0rl\",\"url\":\"https:\\\/\\\/www.swisslabnat.com\\\/\",\"logo\":{\"@type\":\"ImageObject\",\"inLanguage\":\"en-US\",\"@id\":\"https:\\\/\\\/www.swisslabnat.com\\\/#\\\/schema\\\/logo\\\/image\\\/\",\"url\":\"https:\\\/\\\/www.swisslabnat.com\\\/wp2022\\\/wp-content\\\/uploads\\\/2022\\\/02\\\/swisslabnat-logo.png\",\"contentUrl\":\"https:\\\/\\\/www.swisslabnat.com\\\/wp2022\\\/wp-content\\\/uploads\\\/2022\\\/02\\\/swisslabnat-logo.png\",\"width\":200,\"height\":41,\"caption\":\"Swisslabnat S\u00e0rl\"},\"image\":{\"@id\":\"https:\\\/\\\/www.swisslabnat.com\\\/#\\\/schema\\\/logo\\\/image\\\/\"},\"sameAs\":[\"https:\\\/\\\/www.facebook.com\\\/swisslabnat\",\"https:\\\/\\\/www.instagram.com\\\/swisslabnat\\\/\"]}]}<\/script>\n<!-- \/ Yoast SEO plugin. -->","yoast_head_json":{"title":"Contact - Swisslabnat S\u00e0rl","robots":{"index":"index","follow":"follow","max-snippet":"max-snippet:-1","max-image-preview":"max-image-preview:large","max-video-preview":"max-video-preview:-1"},"canonical":"https:\/\/www.swisslabnat.com\/contact\/","og_locale":"en_US","og_type":"article","og_title":"Contact - Swisslabnat S\u00e0rl","og_description":"Contact Keep in touch ? We are here to answer your questions about our products or our applications. Contact us and we will respond to you as soon as possible. If you feel pain or have a problem, give us a call and we&#8217;ll try to do our best to find a solution for you. [&hellip;]","og_url":"https:\/\/www.swisslabnat.com\/contact\/","og_site_name":"Swisslabnat S\u00e0rl","article_publisher":"https:\/\/www.facebook.com\/swisslabnat","article_modified_time":"2022-08-06T09:24:54+00:00","twitter_card":"summary_large_image","twitter_misc":{"Est. reading time":"1 minute"},"schema":{"@context":"https:\/\/schema.org","@graph":[{"@type":"WebPage","@id":"https:\/\/www.swisslabnat.com\/contact\/","url":"https:\/\/www.swisslabnat.com\/contact\/","name":"Contact - Swisslabnat S\u00e0rl","isPartOf":{"@id":"https:\/\/www.swisslabnat.com\/#website"},"datePublished":"2022-02-22T11:09:23+00:00","dateModified":"2022-08-06T09:24:54+00:00","breadcrumb":{"@id":"https:\/\/www.swisslabnat.com\/contact\/#breadcrumb"},"inLanguage":"en-US","potentialAction":[{"@type":"ReadAction","target":["https:\/\/www.swisslabnat.com\/contact\/"]}]},{"@type":"BreadcrumbList","@id":"https:\/\/www.swisslabnat.com\/contact\/#breadcrumb","itemListElement":[{"@type":"ListItem","position":1,"name":"Accueil","item":"https:\/\/www.swisslabnat.com\/en\/"},{"@type":"ListItem","position":2,"name":"Contact"}]},{"@type":"WebSite","@id":"https:\/\/www.swisslabnat.com\/#website","url":"https:\/\/www.swisslabnat.com\/","name":"Swisslabnat S\u00e0rl","description":"L&#039;\u00e9nergie de la lumi\u00e8re et le pouvoir des plantes","publisher":{"@id":"https:\/\/www.swisslabnat.com\/#organization"},"potentialAction":[{"@type":"SearchAction","target":{"@type":"EntryPoint","urlTemplate":"https:\/\/www.swisslabnat.com\/?s={search_term_string}"},"query-input":{"@type":"PropertyValueSpecification","valueRequired":true,"valueName":"search_term_string"}}],"inLanguage":"en-US"},{"@type":"Organization","@id":"https:\/\/www.swisslabnat.com\/#organization","name":"Swisslabnat S\u00e0rl","url":"https:\/\/www.swisslabnat.com\/","logo":{"@type":"ImageObject","inLanguage":"en-US","@id":"https:\/\/www.swisslabnat.com\/#\/schema\/logo\/image\/","url":"https:\/\/www.swisslabnat.com\/wp2022\/wp-content\/uploads\/2022\/02\/swisslabnat-logo.png","contentUrl":"https:\/\/www.swisslabnat.com\/wp2022\/wp-content\/uploads\/2022\/02\/swisslabnat-logo.png","width":200,"height":41,"caption":"Swisslabnat S\u00e0rl"},"image":{"@id":"https:\/\/www.swisslabnat.com\/#\/schema\/logo\/image\/"},"sameAs":["https:\/\/www.facebook.com\/swisslabnat","https:\/\/www.instagram.com\/swisslabnat\/"]}]}},"_links":{"self":[{"href":"https:\/\/www.swisslabnat.com\/en\/wp-json\/wp\/v2\/pages\/2879","targetHints":{"allow":["GET"]}}],"collection":[{"href":"https:\/\/www.swisslabnat.com\/en\/wp-json\/wp\/v2\/pages"}],"about":[{"href":"https:\/\/www.swisslabnat.com\/en\/wp-json\/wp\/v2\/types\/page"}],"author":[{"embeddable":true,"href":"https:\/\/www.swisslabnat.com\/en\/wp-json\/wp\/v2\/users\/1"}],"replies":[{"embeddable":true,"href":"https:\/\/www.swisslabnat.com\/en\/wp-json\/wp\/v2\/comments?post=2879"}],"version-history":[{"count":3,"href":"https:\/\/www.swisslabnat.com\/en\/wp-json\/wp\/v2\/pages\/2879\/revisions"}],"predecessor-version":[{"id":3389,"href":"https:\/\/www.swisslabnat.com\/en\/wp-json\/wp\/v2\/pages\/2879\/revisions\/3389"}],"wp:attachment":[{"href":"https:\/\/www.swisslabnat.com\/en\/wp-json\/wp\/v2\/media?parent=2879"}],"curies":[{"name":"wp","href":"https:\/\/api.w.org\/{rel}","templated":true}]}}