{"id":2861,"date":"2022-02-16T18:31:39","date_gmt":"2022-02-16T17:31:39","guid":{"rendered":"https:\/\/www.swisslabnat.com\/mediclean\/"},"modified":"2022-09-01T13:33:05","modified_gmt":"2022-09-01T11:33:05","slug":"mediclean","status":"publish","type":"page","link":"https:\/\/www.swisslabnat.com\/en\/mediclean\/","title":{"rendered":"MediClean\u2122"},"content":{"rendered":"\t\t<div data-elementor-type=\"wp-page\" data-elementor-id=\"2861\" class=\"elementor elementor-2861 elementor-958\" data-elementor-post-type=\"page\">\n\t\t\t\t\t\t<section class=\"has_ae_slider elementor-section elementor-top-section elementor-element elementor-element-ccba04a elementor-section-boxed elementor-section-height-default elementor-section-height-default ae-bg-gallery-type-default\" data-id=\"ccba04a\" data-element_type=\"section\" data-e-type=\"section\">\n\t\t\t\t\t\t<div class=\"elementor-container elementor-column-gap-default\">\n\t\t\t\t\t<div class=\"has_ae_slider elementor-column elementor-col-100 elementor-top-column elementor-element elementor-element-ccd70b3 ae-bg-gallery-type-default\" data-id=\"ccd70b3\" data-element_type=\"column\" data-e-type=\"column\">\n\t\t\t<div class=\"elementor-widget-wrap elementor-element-populated\">\n\t\t\t\t\t\t<div class=\"elementor-element elementor-element-7e839cb elementor-widget elementor-widget-heading\" data-id=\"7e839cb\" data-element_type=\"widget\" data-e-type=\"widget\" data-widget_type=\"heading.default\">\n\t\t\t\t<div class=\"elementor-widget-container\">\n\t\t\t\t\t<h2 class=\"elementor-heading-title elementor-size-default\">MediClean<\/h2>\t\t\t\t<\/div>\n\t\t\t\t<\/div>\n\t\t\t\t<div class=\"elementor-element elementor-element-989473d elementor-widget-divider--view-line elementor-widget elementor-widget-divider\" data-id=\"989473d\" data-element_type=\"widget\" data-e-type=\"widget\" data-widget_type=\"divider.default\">\n\t\t\t\t<div class=\"elementor-widget-container\">\n\t\t\t\t\t\t\t<div class=\"elementor-divider\">\n\t\t\t<span class=\"elementor-divider-separator\">\n\t\t\t\t\t\t<\/span>\n\t\t<\/div>\n\t\t\t\t\t\t<\/div>\n\t\t\t\t<\/div>\n\t\t\t\t\t<\/div>\n\t\t<\/div>\n\t\t\t\t\t<\/div>\n\t\t<\/section>\n\t\t\t\t<section class=\"has_ae_slider elementor-section elementor-top-section elementor-element elementor-element-82afd93 elementor-section-boxed elementor-section-height-default elementor-section-height-default ae-bg-gallery-type-default\" data-id=\"82afd93\" data-element_type=\"section\" data-e-type=\"section\">\n\t\t\t\t\t\t<div class=\"elementor-container elementor-column-gap-default\">\n\t\t\t\t\t<div class=\"has_ae_slider elementor-column elementor-col-50 elementor-top-column elementor-element elementor-element-abe6635 ae-bg-gallery-type-default\" data-id=\"abe6635\" data-element_type=\"column\" data-e-type=\"column\">\n\t\t\t<div class=\"elementor-widget-wrap elementor-element-populated\">\n\t\t\t\t\t\t<div class=\"elementor-element elementor-element-8eaef05 elementor-widget elementor-widget-image\" data-id=\"8eaef05\" data-element_type=\"widget\" data-e-type=\"widget\" data-widget_type=\"image.default\">\n\t\t\t\t<div class=\"elementor-widget-container\">\n\t\t\t\t\t\t\t\t\t\t\t\t\t\t\t<img fetchpriority=\"high\" decoding=\"async\" width=\"401\" height=\"600\" src=\"https:\/\/www.swisslabnat.com\/wp2022\/wp-content\/uploads\/2022\/02\/DSC_8698-401x600-1.jpg\" class=\"attachment-large size-large wp-image-733\" alt=\"\" srcset=\"https:\/\/www.swisslabnat.com\/wp2022\/wp-content\/uploads\/2022\/02\/DSC_8698-401x600-1.jpg 401w, https:\/\/www.swisslabnat.com\/wp2022\/wp-content\/uploads\/2022\/02\/DSC_8698-401x600-1-201x300.jpg 201w, https:\/\/www.swisslabnat.com\/wp2022\/wp-content\/uploads\/2022\/02\/DSC_8698-401x600-1-300x449.jpg 300w\" sizes=\"(max-width: 401px) 100vw, 401px\" \/>\t\t\t\t\t\t\t\t\t\t\t\t\t\t\t<\/div>\n\t\t\t\t<\/div>\n\t\t\t\t\t<\/div>\n\t\t<\/div>\n\t\t\t\t<div class=\"has_ae_slider elementor-column elementor-col-50 elementor-top-column elementor-element elementor-element-cdb6813 ae-bg-gallery-type-default\" data-id=\"cdb6813\" data-element_type=\"column\" data-e-type=\"column\">\n\t\t\t<div class=\"elementor-widget-wrap elementor-element-populated\">\n\t\t\t\t\t\t<div class=\"elementor-element elementor-element-2f2756b elementor-widget elementor-widget-text-editor\" data-id=\"2f2756b\" data-element_type=\"widget\" data-e-type=\"widget\" data-widget_type=\"text-editor.default\">\n\t\t\t\t<div class=\"elementor-widget-container\">\n\t\t\t\t\t\t\t\t\t<p>MediClean \u2013 is a ready-to-use medical detergent that gives a scratch-free finish to all surfaces. PH neutral.<\/p><p>Use MediCLEan to clean your Stimlight and Stimlight Geny.<\/p>\t\t\t\t\t\t\t\t<\/div>\n\t\t\t\t<\/div>\n\t\t\t\t<div class=\"elementor-element elementor-element-1531cb2 elementor-align-center elementor-widget elementor-widget-button\" data-id=\"1531cb2\" data-element_type=\"widget\" data-e-type=\"widget\" data-widget_type=\"button.default\">\n\t\t\t\t<div class=\"elementor-widget-container\">\n\t\t\t\t\t\t\t\t\t<div class=\"elementor-button-wrapper\">\n\t\t\t\t\t<a class=\"elementor-button elementor-button-link elementor-size-md\" href=\"https:\/\/www.swisslabnat.com\/boutique\/\">\n\t\t\t\t\t\t<span class=\"elementor-button-content-wrapper\">\n\t\t\t\t\t\t\t\t\t<span class=\"elementor-button-text\">Order<\/span>\n\t\t\t\t\t<\/span>\n\t\t\t\t\t<\/a>\n\t\t\t\t<\/div>\n\t\t\t\t\t\t\t\t<\/div>\n\t\t\t\t<\/div>\n\t\t\t\t\t<\/div>\n\t\t<\/div>\n\t\t\t\t\t<\/div>\n\t\t<\/section>\n\t\t\t\t<section class=\"has_ae_slider elementor-section elementor-top-section elementor-element elementor-element-d931aaf elementor-section-full_width elementor-section-stretched elementor-section-height-default elementor-section-height-default ae-bg-gallery-type-default\" data-id=\"d931aaf\" data-element_type=\"section\" data-e-type=\"section\" data-settings=\"{&quot;stretch_section&quot;:&quot;section-stretched&quot;,&quot;background_background&quot;:&quot;classic&quot;}\">\n\t\t\t\t\t\t<div class=\"elementor-container elementor-column-gap-default\">\n\t\t\t\t\t<div class=\"has_ae_slider elementor-column elementor-col-100 elementor-top-column elementor-element elementor-element-d0a1b56 ae-bg-gallery-type-default\" data-id=\"d0a1b56\" data-element_type=\"column\" data-e-type=\"column\">\n\t\t\t<div class=\"elementor-widget-wrap elementor-element-populated\">\n\t\t\t\t\t\t<div class=\"elementor-element elementor-element-8b7af90 elementor-widget elementor-widget-heading\" data-id=\"8b7af90\" data-element_type=\"widget\" data-e-type=\"widget\" data-widget_type=\"heading.default\">\n\t\t\t\t<div class=\"elementor-widget-container\">\n\t\t\t\t\t<h2 class=\"elementor-heading-title elementor-size-medium\">Other products that might interest you<\/h2>\t\t\t\t<\/div>\n\t\t\t\t<\/div>\n\t\t\t\t<div class=\"elementor-element elementor-element-28331ce elementor-widget-divider--view-line elementor-widget elementor-widget-divider\" data-id=\"28331ce\" data-element_type=\"widget\" data-e-type=\"widget\" data-widget_type=\"divider.default\">\n\t\t\t\t<div class=\"elementor-widget-container\">\n\t\t\t\t\t\t\t<div class=\"elementor-divider\">\n\t\t\t<span class=\"elementor-divider-separator\">\n\t\t\t\t\t\t<\/span>\n\t\t<\/div>\n\t\t\t\t\t\t<\/div>\n\t\t\t\t<\/div>\n\t\t\t\t\t<\/div>\n\t\t<\/div>\n\t\t\t\t\t<\/div>\n\t\t<\/section>\n\t\t\t\t<section class=\"has_ae_slider elementor-section elementor-top-section elementor-element elementor-element-8aa7595 elementor-section-boxed elementor-section-height-default elementor-section-height-default ae-bg-gallery-type-default\" data-id=\"8aa7595\" data-element_type=\"section\" data-e-type=\"section\">\n\t\t\t\t\t\t<div class=\"elementor-container elementor-column-gap-default\">\n\t\t\t\t\t<div class=\"has_ae_slider elementor-column elementor-col-33 elementor-top-column elementor-element elementor-element-84c4477 ae-bg-gallery-type-default\" data-id=\"84c4477\" data-element_type=\"column\" data-e-type=\"column\">\n\t\t\t<div class=\"elementor-widget-wrap elementor-element-populated\">\n\t\t\t\t\t\t<div class=\"elementor-element elementor-element-dd13d1a elementor-widget elementor-widget-heading\" data-id=\"dd13d1a\" data-element_type=\"widget\" data-e-type=\"widget\" data-widget_type=\"heading.default\">\n\t\t\t\t<div class=\"elementor-widget-container\">\n\t\t\t\t\t<h3 class=\"elementor-heading-title elementor-size-default\">Stimlight<sup> TM<\/h3>\t\t\t\t<\/div>\n\t\t\t\t<\/div>\n\t\t\t\t<div class=\"elementor-element elementor-element-16f2fc9 elementor-widget elementor-widget-image\" data-id=\"16f2fc9\" data-element_type=\"widget\" data-e-type=\"widget\" data-widget_type=\"image.default\">\n\t\t\t\t<div class=\"elementor-widget-container\">\n\t\t\t\t\t\t\t\t\t\t\t\t\t\t\t<img decoding=\"async\" width=\"270\" height=\"339\" src=\"https:\/\/www.swisslabnat.com\/wp2022\/wp-content\/uploads\/2022\/02\/SL-Stimlight_shop.png\" class=\"attachment-large size-large wp-image-65\" alt=\"\" srcset=\"https:\/\/www.swisslabnat.com\/wp2022\/wp-content\/uploads\/2022\/02\/SL-Stimlight_shop.png 270w, https:\/\/www.swisslabnat.com\/wp2022\/wp-content\/uploads\/2022\/02\/SL-Stimlight_shop-239x300.png 239w\" sizes=\"(max-width: 270px) 100vw, 270px\" \/>\t\t\t\t\t\t\t\t\t\t\t\t\t\t\t<\/div>\n\t\t\t\t<\/div>\n\t\t\t\t<div class=\"elementor-element elementor-element-d289aa3 elementor-align-center elementor-widget elementor-widget-button\" data-id=\"d289aa3\" data-element_type=\"widget\" data-e-type=\"widget\" data-widget_type=\"button.default\">\n\t\t\t\t<div class=\"elementor-widget-container\">\n\t\t\t\t\t\t\t\t\t<div class=\"elementor-button-wrapper\">\n\t\t\t\t\t<a class=\"elementor-button elementor-button-link elementor-size-sm\" href=\"https:\/\/www.swisslabnat.com\/wp2022\/stimlight\/\" target=\"_blank\">\n\t\t\t\t\t\t<span class=\"elementor-button-content-wrapper\">\n\t\t\t\t\t\t\t\t\t<span class=\"elementor-button-text\">Learn more<\/span>\n\t\t\t\t\t<\/span>\n\t\t\t\t\t<\/a>\n\t\t\t\t<\/div>\n\t\t\t\t\t\t\t\t<\/div>\n\t\t\t\t<\/div>\n\t\t\t\t<div class=\"elementor-element elementor-element-b08e4ce elementor-widget elementor-widget-text-editor\" data-id=\"b08e4ce\" data-element_type=\"widget\" data-e-type=\"widget\" data-widget_type=\"text-editor.default\">\n\t\t\t\t<div class=\"elementor-widget-container\">\n\t\t\t\t\t\t\t\t\t<p>Multiply the power of a body treatment based on non-invasive targeted light<\/p>\t\t\t\t\t\t\t\t<\/div>\n\t\t\t\t<\/div>\n\t\t\t\t\t<\/div>\n\t\t<\/div>\n\t\t\t\t<div class=\"has_ae_slider elementor-column elementor-col-33 elementor-top-column elementor-element elementor-element-911eb9e ae-bg-gallery-type-default\" data-id=\"911eb9e\" data-element_type=\"column\" data-e-type=\"column\">\n\t\t\t<div class=\"elementor-widget-wrap elementor-element-populated\">\n\t\t\t\t\t\t<div class=\"elementor-element elementor-element-1cef1c7 elementor-widget elementor-widget-heading\" data-id=\"1cef1c7\" data-element_type=\"widget\" data-e-type=\"widget\" data-widget_type=\"heading.default\">\n\t\t\t\t<div class=\"elementor-widget-container\">\n\t\t\t\t\t<h3 class=\"elementor-heading-title elementor-size-default\">Biomulse Nouva<sup> TM<\/h3>\t\t\t\t<\/div>\n\t\t\t\t<\/div>\n\t\t\t\t<div class=\"elementor-element elementor-element-5edf0fa elementor-widget elementor-widget-image\" data-id=\"5edf0fa\" data-element_type=\"widget\" data-e-type=\"widget\" data-widget_type=\"image.default\">\n\t\t\t\t<div class=\"elementor-widget-container\">\n\t\t\t\t\t\t\t\t\t\t\t\t\t\t\t<img decoding=\"async\" src=\"https:\/\/www.swisslabnat.com\/wp2022\/wp-content\/uploads\/elementor\/thumbs\/stimlight-geny-shop-qltgfvgn5v59a9n8yxt94resed5whi5h0ygru8we80.png\" title=\"stimlight-geny-shop\" alt=\"stimlight-geny-shop\" loading=\"lazy\" \/>\t\t\t\t\t\t\t\t\t\t\t\t\t\t\t<\/div>\n\t\t\t\t<\/div>\n\t\t\t\t<div class=\"elementor-element elementor-element-1e67b2b elementor-align-center elementor-widget elementor-widget-button\" data-id=\"1e67b2b\" data-element_type=\"widget\" data-e-type=\"widget\" data-widget_type=\"button.default\">\n\t\t\t\t<div class=\"elementor-widget-container\">\n\t\t\t\t\t\t\t\t\t<div class=\"elementor-button-wrapper\">\n\t\t\t\t\t<a class=\"elementor-button elementor-button-link elementor-size-sm\" href=\"https:\/\/www.swisslabnat.com\/wp2022\/stimlight-geny\/\" target=\"_blank\">\n\t\t\t\t\t\t<span class=\"elementor-button-content-wrapper\">\n\t\t\t\t\t\t\t\t\t<span class=\"elementor-button-text\">Learn more<\/span>\n\t\t\t\t\t<\/span>\n\t\t\t\t\t<\/a>\n\t\t\t\t<\/div>\n\t\t\t\t\t\t\t\t<\/div>\n\t\t\t\t<\/div>\n\t\t\t\t<div class=\"elementor-element elementor-element-3a6ed6f elementor-widget elementor-widget-text-editor\" data-id=\"3a6ed6f\" data-element_type=\"widget\" data-e-type=\"widget\" data-widget_type=\"text-editor.default\">\n\t\t\t\t<div class=\"elementor-widget-container\">\n\t\t\t\t\t\t\t\t\t<p>The power of Wintergreen to fight joint and rheumatic pain.<\/p>\t\t\t\t\t\t\t\t<\/div>\n\t\t\t\t<\/div>\n\t\t\t\t\t<\/div>\n\t\t<\/div>\n\t\t\t\t<div class=\"has_ae_slider elementor-column elementor-col-33 elementor-top-column elementor-element elementor-element-6137768 ae-bg-gallery-type-default\" data-id=\"6137768\" data-element_type=\"column\" data-e-type=\"column\">\n\t\t\t<div class=\"elementor-widget-wrap elementor-element-populated\">\n\t\t\t\t\t\t<div class=\"elementor-element elementor-element-03cd5ab elementor-widget elementor-widget-heading\" data-id=\"03cd5ab\" data-element_type=\"widget\" data-e-type=\"widget\" data-widget_type=\"heading.default\">\n\t\t\t\t<div class=\"elementor-widget-container\">\n\t\t\t\t\t<h3 class=\"elementor-heading-title elementor-size-default\">Corylus Nouva<sup> TM<\/h3>\t\t\t\t<\/div>\n\t\t\t\t<\/div>\n\t\t\t\t<div class=\"elementor-element elementor-element-6421700 elementor-widget elementor-widget-image\" data-id=\"6421700\" data-element_type=\"widget\" data-e-type=\"widget\" data-widget_type=\"image.default\">\n\t\t\t\t<div class=\"elementor-widget-container\">\n\t\t\t\t\t\t\t\t\t\t\t\t\t\t\t<img decoding=\"async\" src=\"https:\/\/www.swisslabnat.com\/wp2022\/wp-content\/uploads\/elementor\/thumbs\/corylus-shop-qltgfvgn5v59a9n8yxt94resed5whi5h0ygru8we80.png\" title=\"corylus-shop\" alt=\"corylus-shop\" loading=\"lazy\" \/>\t\t\t\t\t\t\t\t\t\t\t\t\t\t\t<\/div>\n\t\t\t\t<\/div>\n\t\t\t\t<div class=\"elementor-element elementor-element-a53cd98 elementor-align-center elementor-widget elementor-widget-button\" data-id=\"a53cd98\" data-element_type=\"widget\" data-e-type=\"widget\" data-widget_type=\"button.default\">\n\t\t\t\t<div class=\"elementor-widget-container\">\n\t\t\t\t\t\t\t\t\t<div class=\"elementor-button-wrapper\">\n\t\t\t\t\t<a class=\"elementor-button elementor-button-link elementor-size-sm\" href=\"https:\/\/www.swisslabnat.com\/wp2022\/biomulse-nouva\/\" target=\"_blank\">\n\t\t\t\t\t\t<span class=\"elementor-button-content-wrapper\">\n\t\t\t\t\t\t\t\t\t<span class=\"elementor-button-text\">Learn more<\/span>\n\t\t\t\t\t<\/span>\n\t\t\t\t\t<\/a>\n\t\t\t\t<\/div>\n\t\t\t\t\t\t\t\t<\/div>\n\t\t\t\t<\/div>\n\t\t\t\t<div class=\"elementor-element elementor-element-f794b46 elementor-widget elementor-widget-text-editor\" data-id=\"f794b46\" data-element_type=\"widget\" data-e-type=\"widget\" data-widget_type=\"text-editor.default\">\n\t\t\t\t<div class=\"elementor-widget-container\">\n\t\t\t\t\t\t\t\t\t<p>The hazel tree at the service of your skin\u2026.<\/p>\t\t\t\t\t\t\t\t<\/div>\n\t\t\t\t<\/div>\n\t\t\t\t\t<\/div>\n\t\t<\/div>\n\t\t\t\t\t<\/div>\n\t\t<\/section>\n\t\t\t\t<\/div>\n\t\t","protected":false},"excerpt":{"rendered":"<p>MediClean MediClean \u2013 is a ready-to-use medical detergent that gives a scratch-free finish to all surfaces. PH neutral. Use MediCLEan to clean your Stimlight and Stimlight Geny. Order Other products that might interest you Stimlight TM Learn more Multiply the power of a body treatment based on non-invasive targeted light Biomulse Nouva TM Learn more [&hellip;]<\/p>\n","protected":false},"author":1,"featured_media":0,"parent":0,"menu_order":0,"comment_status":"closed","ping_status":"closed","template":"","meta":{"_acf_changed":false,"footnotes":""},"class_list":["post-2861","page","type-page","status-publish","hentry","entry","owp-thumbs-layout-horizontal","owp-btn-normal","owp-tabs-layout-horizontal","has-no-thumbnails"],"acf":[],"yoast_head":"<!-- This site is optimized with the Yoast SEO plugin v27.6 - https:\/\/yoast.com\/product\/yoast-seo-wordpress\/ -->\n<title>MediClean\u2122 - Swisslabnat S\u00e0rl<\/title>\n<meta name=\"robots\" content=\"index, follow, max-snippet:-1, max-image-preview:large, max-video-preview:-1\" \/>\n<link rel=\"canonical\" href=\"https:\/\/www.swisslabnat.com\/en\/mediclean\/\" \/>\n<meta property=\"og:locale\" content=\"en_US\" \/>\n<meta property=\"og:type\" content=\"article\" \/>\n<meta property=\"og:title\" content=\"MediClean\u2122 - Swisslabnat S\u00e0rl\" \/>\n<meta property=\"og:description\" content=\"MediClean MediClean \u2013 is a ready-to-use medical detergent that gives a scratch-free finish to all surfaces. PH neutral. Use MediCLEan to clean your Stimlight and Stimlight Geny. Order Other products that might interest you Stimlight TM Learn more Multiply the power of a body treatment based on non-invasive targeted light Biomulse Nouva TM Learn more [&hellip;]\" \/>\n<meta property=\"og:url\" content=\"https:\/\/www.swisslabnat.com\/en\/mediclean\/\" \/>\n<meta property=\"og:site_name\" content=\"Swisslabnat S\u00e0rl\" \/>\n<meta property=\"article:publisher\" content=\"https:\/\/www.facebook.com\/swisslabnat\" \/>\n<meta property=\"article:modified_time\" content=\"2022-09-01T11:33:05+00:00\" \/>\n<meta property=\"og:image\" content=\"https:\/\/www.swisslabnat.com\/wp2022\/wp-content\/uploads\/2022\/02\/DSC_8698-401x600-1.jpg\" \/>\n<meta name=\"twitter:card\" content=\"summary_large_image\" \/>\n<script type=\"application\/ld+json\" class=\"yoast-schema-graph\">{\"@context\":\"https:\\\/\\\/schema.org\",\"@graph\":[{\"@type\":\"WebPage\",\"@id\":\"https:\\\/\\\/www.swisslabnat.com\\\/en\\\/mediclean\\\/\",\"url\":\"https:\\\/\\\/www.swisslabnat.com\\\/en\\\/mediclean\\\/\",\"name\":\"MediClean\u2122 - Swisslabnat S\u00e0rl\",\"isPartOf\":{\"@id\":\"https:\\\/\\\/www.swisslabnat.com\\\/#website\"},\"primaryImageOfPage\":{\"@id\":\"https:\\\/\\\/www.swisslabnat.com\\\/en\\\/mediclean\\\/#primaryimage\"},\"image\":{\"@id\":\"https:\\\/\\\/www.swisslabnat.com\\\/en\\\/mediclean\\\/#primaryimage\"},\"thumbnailUrl\":\"https:\\\/\\\/www.swisslabnat.com\\\/wp2022\\\/wp-content\\\/uploads\\\/2022\\\/02\\\/DSC_8698-401x600-1.jpg\",\"datePublished\":\"2022-02-16T17:31:39+00:00\",\"dateModified\":\"2022-09-01T11:33:05+00:00\",\"breadcrumb\":{\"@id\":\"https:\\\/\\\/www.swisslabnat.com\\\/en\\\/mediclean\\\/#breadcrumb\"},\"inLanguage\":\"en-US\",\"potentialAction\":[{\"@type\":\"ReadAction\",\"target\":[\"https:\\\/\\\/www.swisslabnat.com\\\/en\\\/mediclean\\\/\"]}]},{\"@type\":\"ImageObject\",\"inLanguage\":\"en-US\",\"@id\":\"https:\\\/\\\/www.swisslabnat.com\\\/en\\\/mediclean\\\/#primaryimage\",\"url\":\"https:\\\/\\\/www.swisslabnat.com\\\/wp2022\\\/wp-content\\\/uploads\\\/2022\\\/02\\\/DSC_8698-401x600-1.jpg\",\"contentUrl\":\"https:\\\/\\\/www.swisslabnat.com\\\/wp2022\\\/wp-content\\\/uploads\\\/2022\\\/02\\\/DSC_8698-401x600-1.jpg\"},{\"@type\":\"BreadcrumbList\",\"@id\":\"https:\\\/\\\/www.swisslabnat.com\\\/en\\\/mediclean\\\/#breadcrumb\",\"itemListElement\":[{\"@type\":\"ListItem\",\"position\":1,\"name\":\"Accueil\",\"item\":\"https:\\\/\\\/www.swisslabnat.com\\\/en\\\/\"},{\"@type\":\"ListItem\",\"position\":2,\"name\":\"MediClean\u2122\"}]},{\"@type\":\"WebSite\",\"@id\":\"https:\\\/\\\/www.swisslabnat.com\\\/#website\",\"url\":\"https:\\\/\\\/www.swisslabnat.com\\\/\",\"name\":\"Swisslabnat S\u00e0rl\",\"description\":\"L&#039;\u00e9nergie de la lumi\u00e8re et le pouvoir des plantes\",\"publisher\":{\"@id\":\"https:\\\/\\\/www.swisslabnat.com\\\/#organization\"},\"potentialAction\":[{\"@type\":\"SearchAction\",\"target\":{\"@type\":\"EntryPoint\",\"urlTemplate\":\"https:\\\/\\\/www.swisslabnat.com\\\/?s={search_term_string}\"},\"query-input\":{\"@type\":\"PropertyValueSpecification\",\"valueRequired\":true,\"valueName\":\"search_term_string\"}}],\"inLanguage\":\"en-US\"},{\"@type\":\"Organization\",\"@id\":\"https:\\\/\\\/www.swisslabnat.com\\\/#organization\",\"name\":\"Swisslabnat S\u00e0rl\",\"url\":\"https:\\\/\\\/www.swisslabnat.com\\\/\",\"logo\":{\"@type\":\"ImageObject\",\"inLanguage\":\"en-US\",\"@id\":\"https:\\\/\\\/www.swisslabnat.com\\\/#\\\/schema\\\/logo\\\/image\\\/\",\"url\":\"https:\\\/\\\/www.swisslabnat.com\\\/wp2022\\\/wp-content\\\/uploads\\\/2022\\\/02\\\/swisslabnat-logo.png\",\"contentUrl\":\"https:\\\/\\\/www.swisslabnat.com\\\/wp2022\\\/wp-content\\\/uploads\\\/2022\\\/02\\\/swisslabnat-logo.png\",\"width\":200,\"height\":41,\"caption\":\"Swisslabnat S\u00e0rl\"},\"image\":{\"@id\":\"https:\\\/\\\/www.swisslabnat.com\\\/#\\\/schema\\\/logo\\\/image\\\/\"},\"sameAs\":[\"https:\\\/\\\/www.facebook.com\\\/swisslabnat\",\"https:\\\/\\\/www.instagram.com\\\/swisslabnat\\\/\"]}]}<\/script>\n<!-- \/ Yoast SEO plugin. -->","yoast_head_json":{"title":"MediClean\u2122 - Swisslabnat S\u00e0rl","robots":{"index":"index","follow":"follow","max-snippet":"max-snippet:-1","max-image-preview":"max-image-preview:large","max-video-preview":"max-video-preview:-1"},"canonical":"https:\/\/www.swisslabnat.com\/en\/mediclean\/","og_locale":"en_US","og_type":"article","og_title":"MediClean\u2122 - Swisslabnat S\u00e0rl","og_description":"MediClean MediClean \u2013 is a ready-to-use medical detergent that gives a scratch-free finish to all surfaces. PH neutral. Use MediCLEan to clean your Stimlight and Stimlight Geny. Order Other products that might interest you Stimlight TM Learn more Multiply the power of a body treatment based on non-invasive targeted light Biomulse Nouva TM Learn more [&hellip;]","og_url":"https:\/\/www.swisslabnat.com\/en\/mediclean\/","og_site_name":"Swisslabnat S\u00e0rl","article_publisher":"https:\/\/www.facebook.com\/swisslabnat","article_modified_time":"2022-09-01T11:33:05+00:00","og_image":[{"url":"https:\/\/www.swisslabnat.com\/wp2022\/wp-content\/uploads\/2022\/02\/DSC_8698-401x600-1.jpg","type":"","width":"","height":""}],"twitter_card":"summary_large_image","schema":{"@context":"https:\/\/schema.org","@graph":[{"@type":"WebPage","@id":"https:\/\/www.swisslabnat.com\/en\/mediclean\/","url":"https:\/\/www.swisslabnat.com\/en\/mediclean\/","name":"MediClean\u2122 - Swisslabnat S\u00e0rl","isPartOf":{"@id":"https:\/\/www.swisslabnat.com\/#website"},"primaryImageOfPage":{"@id":"https:\/\/www.swisslabnat.com\/en\/mediclean\/#primaryimage"},"image":{"@id":"https:\/\/www.swisslabnat.com\/en\/mediclean\/#primaryimage"},"thumbnailUrl":"https:\/\/www.swisslabnat.com\/wp2022\/wp-content\/uploads\/2022\/02\/DSC_8698-401x600-1.jpg","datePublished":"2022-02-16T17:31:39+00:00","dateModified":"2022-09-01T11:33:05+00:00","breadcrumb":{"@id":"https:\/\/www.swisslabnat.com\/en\/mediclean\/#breadcrumb"},"inLanguage":"en-US","potentialAction":[{"@type":"ReadAction","target":["https:\/\/www.swisslabnat.com\/en\/mediclean\/"]}]},{"@type":"ImageObject","inLanguage":"en-US","@id":"https:\/\/www.swisslabnat.com\/en\/mediclean\/#primaryimage","url":"https:\/\/www.swisslabnat.com\/wp2022\/wp-content\/uploads\/2022\/02\/DSC_8698-401x600-1.jpg","contentUrl":"https:\/\/www.swisslabnat.com\/wp2022\/wp-content\/uploads\/2022\/02\/DSC_8698-401x600-1.jpg"},{"@type":"BreadcrumbList","@id":"https:\/\/www.swisslabnat.com\/en\/mediclean\/#breadcrumb","itemListElement":[{"@type":"ListItem","position":1,"name":"Accueil","item":"https:\/\/www.swisslabnat.com\/en\/"},{"@type":"ListItem","position":2,"name":"MediClean\u2122"}]},{"@type":"WebSite","@id":"https:\/\/www.swisslabnat.com\/#website","url":"https:\/\/www.swisslabnat.com\/","name":"Swisslabnat S\u00e0rl","description":"L&#039;\u00e9nergie de la lumi\u00e8re et le pouvoir des plantes","publisher":{"@id":"https:\/\/www.swisslabnat.com\/#organization"},"potentialAction":[{"@type":"SearchAction","target":{"@type":"EntryPoint","urlTemplate":"https:\/\/www.swisslabnat.com\/?s={search_term_string}"},"query-input":{"@type":"PropertyValueSpecification","valueRequired":true,"valueName":"search_term_string"}}],"inLanguage":"en-US"},{"@type":"Organization","@id":"https:\/\/www.swisslabnat.com\/#organization","name":"Swisslabnat S\u00e0rl","url":"https:\/\/www.swisslabnat.com\/","logo":{"@type":"ImageObject","inLanguage":"en-US","@id":"https:\/\/www.swisslabnat.com\/#\/schema\/logo\/image\/","url":"https:\/\/www.swisslabnat.com\/wp2022\/wp-content\/uploads\/2022\/02\/swisslabnat-logo.png","contentUrl":"https:\/\/www.swisslabnat.com\/wp2022\/wp-content\/uploads\/2022\/02\/swisslabnat-logo.png","width":200,"height":41,"caption":"Swisslabnat S\u00e0rl"},"image":{"@id":"https:\/\/www.swisslabnat.com\/#\/schema\/logo\/image\/"},"sameAs":["https:\/\/www.facebook.com\/swisslabnat","https:\/\/www.instagram.com\/swisslabnat\/"]}]}},"_links":{"self":[{"href":"https:\/\/www.swisslabnat.com\/en\/wp-json\/wp\/v2\/pages\/2861","targetHints":{"allow":["GET"]}}],"collection":[{"href":"https:\/\/www.swisslabnat.com\/en\/wp-json\/wp\/v2\/pages"}],"about":[{"href":"https:\/\/www.swisslabnat.com\/en\/wp-json\/wp\/v2\/types\/page"}],"author":[{"embeddable":true,"href":"https:\/\/www.swisslabnat.com\/en\/wp-json\/wp\/v2\/users\/1"}],"replies":[{"embeddable":true,"href":"https:\/\/www.swisslabnat.com\/en\/wp-json\/wp\/v2\/comments?post=2861"}],"version-history":[{"count":3,"href":"https:\/\/www.swisslabnat.com\/en\/wp-json\/wp\/v2\/pages\/2861\/revisions"}],"predecessor-version":[{"id":3473,"href":"https:\/\/www.swisslabnat.com\/en\/wp-json\/wp\/v2\/pages\/2861\/revisions\/3473"}],"wp:attachment":[{"href":"https:\/\/www.swisslabnat.com\/en\/wp-json\/wp\/v2\/media?parent=2861"}],"curies":[{"name":"wp","href":"https:\/\/api.w.org\/{rel}","templated":true}]}}