{"id":5364,"date":"2024-09-25T19:27:34","date_gmt":"2024-09-25T17:27:34","guid":{"rendered":"https:\/\/www.swisslabnat.com\/produit\/geschenkgutschein-fuer-eine-behandlung\/"},"modified":"2024-09-25T19:27:34","modified_gmt":"2024-09-25T17:27:34","slug":"geschenkgutschein-fuer-eine-behandlung","status":"publish","type":"product","link":"https:\/\/www.swisslabnat.com\/de\/produit\/geschenkgutschein-fuer-eine-behandlung\/","title":{"rendered":"Geschenkgutschein f\u00fcr eine Behandlung"},"content":{"rendered":"<p>Geschenkgutschein f\u00fcr eine Behandlung<\/p>\n","protected":false},"excerpt":{"rendered":"<p>Geschenkgutschein f\u00fcr eine Behandlung<\/p>\n","protected":false},"featured_media":5361,"template":"","meta":{"_acf_changed":false},"product_brand":[],"product_cat":[76],"product_tag":[],"class_list":{"0":"post-5364","1":"product","2":"type-product","3":"status-publish","4":"has-post-thumbnail","6":"product_cat-verschiedene","8":"entry","9":"has-media","11":"first","12":"instock","13":"shipping-taxable","14":"purchasable","15":"product-type-simple","16":"col","17":"span_1_of_3","18":"owp-content-center","19":"owp-thumbs-layout-horizontal","20":"owp-btn-normal","21":"owp-tabs-layout-horizontal","22":"has-no-thumbnails"},"acf":[],"yoast_head":"<!-- This site is optimized with the Yoast SEO plugin v27.5 - https:\/\/yoast.com\/product\/yoast-seo-wordpress\/ -->\n<title>Geschenkgutschein f\u00fcr eine Behandlung - Swisslabnat S\u00e0rl<\/title>\n<meta name=\"robots\" content=\"index, follow, max-snippet:-1, max-image-preview:large, max-video-preview:-1\" \/>\n<link rel=\"canonical\" href=\"https:\/\/www.swisslabnat.com\/produit\/geschenkgutschein-fuer-eine-behandlung\/\" \/>\n<meta property=\"og:locale\" content=\"de_DE\" \/>\n<meta property=\"og:type\" content=\"article\" \/>\n<meta property=\"og:title\" content=\"Geschenkgutschein f\u00fcr eine Behandlung - Swisslabnat S\u00e0rl\" \/>\n<meta property=\"og:description\" content=\"Geschenkgutschein f\u00fcr eine Behandlung\" \/>\n<meta property=\"og:url\" content=\"https:\/\/www.swisslabnat.com\/produit\/geschenkgutschein-fuer-eine-behandlung\/\" \/>\n<meta property=\"og:site_name\" content=\"Swisslabnat S\u00e0rl\" \/>\n<meta property=\"article:publisher\" content=\"https:\/\/www.facebook.com\/swisslabnat\" \/>\n<meta name=\"twitter:card\" content=\"summary_large_image\" \/>\n<script type=\"application\/ld+json\" class=\"yoast-schema-graph\">{\"@context\":\"https:\\\/\\\/schema.org\",\"@graph\":[{\"@type\":\"WebPage\",\"@id\":\"https:\\\/\\\/www.swisslabnat.com\\\/produit\\\/geschenkgutschein-fuer-eine-behandlung\\\/\",\"url\":\"https:\\\/\\\/www.swisslabnat.com\\\/produit\\\/geschenkgutschein-fuer-eine-behandlung\\\/\",\"name\":\"Geschenkgutschein f\u00fcr eine Behandlung - Swisslabnat S\u00e0rl\",\"isPartOf\":{\"@id\":\"https:\\\/\\\/www.swisslabnat.com\\\/#website\"},\"primaryImageOfPage\":{\"@id\":\"https:\\\/\\\/www.swisslabnat.com\\\/produit\\\/geschenkgutschein-fuer-eine-behandlung\\\/#primaryimage\"},\"image\":{\"@id\":\"https:\\\/\\\/www.swisslabnat.com\\\/produit\\\/geschenkgutschein-fuer-eine-behandlung\\\/#primaryimage\"},\"thumbnailUrl\":\"https:\\\/\\\/www.swisslabnat.com\\\/wp2022\\\/wp-content\\\/uploads\\\/2024\\\/09\\\/Bon_cadeau.jpg\",\"datePublished\":\"2024-09-25T17:27:34+00:00\",\"breadcrumb\":{\"@id\":\"https:\\\/\\\/www.swisslabnat.com\\\/produit\\\/geschenkgutschein-fuer-eine-behandlung\\\/#breadcrumb\"},\"inLanguage\":\"de-DE\",\"potentialAction\":[{\"@type\":\"ReadAction\",\"target\":[\"https:\\\/\\\/www.swisslabnat.com\\\/produit\\\/geschenkgutschein-fuer-eine-behandlung\\\/\"]}]},{\"@type\":\"ImageObject\",\"inLanguage\":\"de-DE\",\"@id\":\"https:\\\/\\\/www.swisslabnat.com\\\/produit\\\/geschenkgutschein-fuer-eine-behandlung\\\/#primaryimage\",\"url\":\"https:\\\/\\\/www.swisslabnat.com\\\/wp2022\\\/wp-content\\\/uploads\\\/2024\\\/09\\\/Bon_cadeau.jpg\",\"contentUrl\":\"https:\\\/\\\/www.swisslabnat.com\\\/wp2022\\\/wp-content\\\/uploads\\\/2024\\\/09\\\/Bon_cadeau.jpg\",\"width\":283,\"height\":201},{\"@type\":\"BreadcrumbList\",\"@id\":\"https:\\\/\\\/www.swisslabnat.com\\\/produit\\\/geschenkgutschein-fuer-eine-behandlung\\\/#breadcrumb\",\"itemListElement\":[{\"@type\":\"ListItem\",\"position\":1,\"name\":\"Accueil\",\"item\":\"https:\\\/\\\/www.swisslabnat.com\\\/de\\\/startseite\\\/\"},{\"@type\":\"ListItem\",\"position\":2,\"name\":\"Boutique\",\"item\":\"https:\\\/\\\/www.swisslabnat.com\\\/boutique\\\/\"},{\"@type\":\"ListItem\",\"position\":3,\"name\":\"Geschenkgutschein f\u00fcr eine Behandlung\"}]},{\"@type\":\"WebSite\",\"@id\":\"https:\\\/\\\/www.swisslabnat.com\\\/#website\",\"url\":\"https:\\\/\\\/www.swisslabnat.com\\\/\",\"name\":\"Swisslabnat S\u00e0rl\",\"description\":\"L&#039;\u00e9nergie de la lumi\u00e8re et le pouvoir des plantes\",\"publisher\":{\"@id\":\"https:\\\/\\\/www.swisslabnat.com\\\/#organization\"},\"potentialAction\":[{\"@type\":\"SearchAction\",\"target\":{\"@type\":\"EntryPoint\",\"urlTemplate\":\"https:\\\/\\\/www.swisslabnat.com\\\/?s={search_term_string}\"},\"query-input\":{\"@type\":\"PropertyValueSpecification\",\"valueRequired\":true,\"valueName\":\"search_term_string\"}}],\"inLanguage\":\"de-DE\"},{\"@type\":\"Organization\",\"@id\":\"https:\\\/\\\/www.swisslabnat.com\\\/#organization\",\"name\":\"Swisslabnat S\u00e0rl\",\"url\":\"https:\\\/\\\/www.swisslabnat.com\\\/\",\"logo\":{\"@type\":\"ImageObject\",\"inLanguage\":\"de-DE\",\"@id\":\"https:\\\/\\\/www.swisslabnat.com\\\/#\\\/schema\\\/logo\\\/image\\\/\",\"url\":\"https:\\\/\\\/www.swisslabnat.com\\\/wp2022\\\/wp-content\\\/uploads\\\/2022\\\/02\\\/swisslabnat-logo.png\",\"contentUrl\":\"https:\\\/\\\/www.swisslabnat.com\\\/wp2022\\\/wp-content\\\/uploads\\\/2022\\\/02\\\/swisslabnat-logo.png\",\"width\":200,\"height\":41,\"caption\":\"Swisslabnat S\u00e0rl\"},\"image\":{\"@id\":\"https:\\\/\\\/www.swisslabnat.com\\\/#\\\/schema\\\/logo\\\/image\\\/\"},\"sameAs\":[\"https:\\\/\\\/www.facebook.com\\\/swisslabnat\",\"https:\\\/\\\/www.instagram.com\\\/swisslabnat\\\/\"]}]}<\/script>\n<!-- \/ Yoast SEO plugin. -->","yoast_head_json":{"title":"Geschenkgutschein f\u00fcr eine Behandlung - Swisslabnat S\u00e0rl","robots":{"index":"index","follow":"follow","max-snippet":"max-snippet:-1","max-image-preview":"max-image-preview:large","max-video-preview":"max-video-preview:-1"},"canonical":"https:\/\/www.swisslabnat.com\/produit\/geschenkgutschein-fuer-eine-behandlung\/","og_locale":"de_DE","og_type":"article","og_title":"Geschenkgutschein f\u00fcr eine Behandlung - Swisslabnat S\u00e0rl","og_description":"Geschenkgutschein f\u00fcr eine Behandlung","og_url":"https:\/\/www.swisslabnat.com\/produit\/geschenkgutschein-fuer-eine-behandlung\/","og_site_name":"Swisslabnat S\u00e0rl","article_publisher":"https:\/\/www.facebook.com\/swisslabnat","twitter_card":"summary_large_image","schema":{"@context":"https:\/\/schema.org","@graph":[{"@type":"WebPage","@id":"https:\/\/www.swisslabnat.com\/produit\/geschenkgutschein-fuer-eine-behandlung\/","url":"https:\/\/www.swisslabnat.com\/produit\/geschenkgutschein-fuer-eine-behandlung\/","name":"Geschenkgutschein f\u00fcr eine Behandlung - Swisslabnat S\u00e0rl","isPartOf":{"@id":"https:\/\/www.swisslabnat.com\/#website"},"primaryImageOfPage":{"@id":"https:\/\/www.swisslabnat.com\/produit\/geschenkgutschein-fuer-eine-behandlung\/#primaryimage"},"image":{"@id":"https:\/\/www.swisslabnat.com\/produit\/geschenkgutschein-fuer-eine-behandlung\/#primaryimage"},"thumbnailUrl":"https:\/\/www.swisslabnat.com\/wp2022\/wp-content\/uploads\/2024\/09\/Bon_cadeau.jpg","datePublished":"2024-09-25T17:27:34+00:00","breadcrumb":{"@id":"https:\/\/www.swisslabnat.com\/produit\/geschenkgutschein-fuer-eine-behandlung\/#breadcrumb"},"inLanguage":"de-DE","potentialAction":[{"@type":"ReadAction","target":["https:\/\/www.swisslabnat.com\/produit\/geschenkgutschein-fuer-eine-behandlung\/"]}]},{"@type":"ImageObject","inLanguage":"de-DE","@id":"https:\/\/www.swisslabnat.com\/produit\/geschenkgutschein-fuer-eine-behandlung\/#primaryimage","url":"https:\/\/www.swisslabnat.com\/wp2022\/wp-content\/uploads\/2024\/09\/Bon_cadeau.jpg","contentUrl":"https:\/\/www.swisslabnat.com\/wp2022\/wp-content\/uploads\/2024\/09\/Bon_cadeau.jpg","width":283,"height":201},{"@type":"BreadcrumbList","@id":"https:\/\/www.swisslabnat.com\/produit\/geschenkgutschein-fuer-eine-behandlung\/#breadcrumb","itemListElement":[{"@type":"ListItem","position":1,"name":"Accueil","item":"https:\/\/www.swisslabnat.com\/de\/startseite\/"},{"@type":"ListItem","position":2,"name":"Boutique","item":"https:\/\/www.swisslabnat.com\/boutique\/"},{"@type":"ListItem","position":3,"name":"Geschenkgutschein f\u00fcr eine Behandlung"}]},{"@type":"WebSite","@id":"https:\/\/www.swisslabnat.com\/#website","url":"https:\/\/www.swisslabnat.com\/","name":"Swisslabnat S\u00e0rl","description":"L&#039;\u00e9nergie de la lumi\u00e8re et le pouvoir des plantes","publisher":{"@id":"https:\/\/www.swisslabnat.com\/#organization"},"potentialAction":[{"@type":"SearchAction","target":{"@type":"EntryPoint","urlTemplate":"https:\/\/www.swisslabnat.com\/?s={search_term_string}"},"query-input":{"@type":"PropertyValueSpecification","valueRequired":true,"valueName":"search_term_string"}}],"inLanguage":"de-DE"},{"@type":"Organization","@id":"https:\/\/www.swisslabnat.com\/#organization","name":"Swisslabnat S\u00e0rl","url":"https:\/\/www.swisslabnat.com\/","logo":{"@type":"ImageObject","inLanguage":"de-DE","@id":"https:\/\/www.swisslabnat.com\/#\/schema\/logo\/image\/","url":"https:\/\/www.swisslabnat.com\/wp2022\/wp-content\/uploads\/2022\/02\/swisslabnat-logo.png","contentUrl":"https:\/\/www.swisslabnat.com\/wp2022\/wp-content\/uploads\/2022\/02\/swisslabnat-logo.png","width":200,"height":41,"caption":"Swisslabnat S\u00e0rl"},"image":{"@id":"https:\/\/www.swisslabnat.com\/#\/schema\/logo\/image\/"},"sameAs":["https:\/\/www.facebook.com\/swisslabnat","https:\/\/www.instagram.com\/swisslabnat\/"]}]}},"_links":{"self":[{"href":"https:\/\/www.swisslabnat.com\/de\/wp-json\/wp\/v2\/product\/5364","targetHints":{"allow":["GET"]}}],"collection":[{"href":"https:\/\/www.swisslabnat.com\/de\/wp-json\/wp\/v2\/product"}],"about":[{"href":"https:\/\/www.swisslabnat.com\/de\/wp-json\/wp\/v2\/types\/product"}],"version-history":[{"count":0,"href":"https:\/\/www.swisslabnat.com\/de\/wp-json\/wp\/v2\/product\/5364\/revisions"}],"wp:featuredmedia":[{"embeddable":true,"href":"https:\/\/www.swisslabnat.com\/de\/wp-json\/wp\/v2\/media\/5361"}],"wp:attachment":[{"href":"https:\/\/www.swisslabnat.com\/de\/wp-json\/wp\/v2\/media?parent=5364"}],"wp:term":[{"taxonomy":"product_brand","embeddable":true,"href":"https:\/\/www.swisslabnat.com\/de\/wp-json\/wp\/v2\/product_brand?post=5364"},{"taxonomy":"product_cat","embeddable":true,"href":"https:\/\/www.swisslabnat.com\/de\/wp-json\/wp\/v2\/product_cat?post=5364"},{"taxonomy":"product_tag","embeddable":true,"href":"https:\/\/www.swisslabnat.com\/de\/wp-json\/wp\/v2\/product_tag?post=5364"}],"curies":[{"name":"wp","href":"https:\/\/api.w.org\/{rel}","templated":true}]}}