{"id":2845,"date":"2022-02-10T17:28:24","date_gmt":"2022-02-10T16:28:24","guid":{"rendered":"https:\/\/www.swisslabnat.com\/produit\/ciserbe-nouva-tm-250-ml\/"},"modified":"2023-10-23T09:56:59","modified_gmt":"2023-10-23T07:56:59","slug":"ciserbe-nova-250-ml","status":"publish","type":"product","link":"https:\/\/www.swisslabnat.com\/de\/produit\/ciserbe-nova-250-ml\/","title":{"rendered":"Ciserbe Nouva TM &#8211; 250 ml"},"content":{"rendered":"<h2>Ciserbe nouva macht das Beste aus dem, was die Natur zu bieten hat<\/h2>\n<hr>\n<ul>\n<li>Dieser Balsam ist 100 % nat\u00fcrlich und mit biologischen \u00e4therischen \u00d6len und Hydrolaten (Bl\u00fctenwasser) hergestellt.<\/li>\n<li>Wirkt schnell und hinterl\u00e4sst keine Ablagerungen auf der Haut dank der Mischung aus Hydrolaten und Sesam-, Sonnenblumen- und Aprikosen\u00f6l, die ein perfektes Eindringen erm\u00f6glicht, pflegt die Haut, ohne einen Fettfilm zu hinterlassen.<\/li>\n<li>Schont und beruhigt Ihre Haut. Es lindert Hautaggressionen dank seiner fungiziden, antibakteriellen und talgregulierenden Eigenschaften, die in medizinischem Rosmarin, Zeder und Efeu enthalten sind.<\/li>\n<li>Sehr effektiv dank eines speziellen Extraktionsverfahrens, das ein Maximum an Wirkstoffen und Molek\u00fclen erh\u00e4lt.<\/li>\n<\/ul>\n<p><em>*Hydrolate \u2013 besser bekannt als Bl\u00fctenw\u00e4sser, Hydrolate stammen aus dem Destillationsprozess von \u00e4therischen \u00d6len und sind weniger konzentriert als diese.<\/em><\/p>\n","protected":false},"excerpt":{"rendered":"<p>Lindert Gelenk- und Muskelschmerzen, das Gef\u00fchl schwerer Beine und beruhigt gereizte Haut.<\/p>\n","protected":false},"featured_media":2181,"template":"","meta":{"_acf_changed":false},"product_cat":[55,54],"product_tag":[],"class_list":{"0":"post-2845","1":"product","2":"type-product","3":"status-publish","4":"has-post-thumbnail","6":"product_cat-ciserbe-de","7":"product_cat-phyto-de","9":"entry","10":"has-media","12":"first","13":"instock","14":"shipping-taxable","15":"purchasable","16":"product-type-simple","17":"col","18":"span_1_of_3","19":"owp-content-center","20":"owp-thumbs-layout-horizontal","21":"owp-btn-normal","22":"owp-tabs-layout-horizontal","23":"has-no-thumbnails"},"acf":[],"yoast_head":"<!-- This site is optimized with the Yoast SEO plugin v27.3 - https:\/\/yoast.com\/product\/yoast-seo-wordpress\/ -->\n<title>Ciserbe Nouva TM - 250 ml - Swisslabnat S\u00e0rl<\/title>\n<meta name=\"robots\" content=\"index, follow, max-snippet:-1, max-image-preview:large, max-video-preview:-1\" \/>\n<link rel=\"canonical\" href=\"https:\/\/www.swisslabnat.com\/de\/produit\/ciserbe-nova-250-ml\/\" \/>\n<meta property=\"og:locale\" content=\"de_DE\" \/>\n<meta property=\"og:type\" content=\"article\" \/>\n<meta property=\"og:title\" content=\"Ciserbe Nouva TM - 250 ml - Swisslabnat S\u00e0rl\" \/>\n<meta property=\"og:description\" content=\"Lindert Gelenk- und Muskelschmerzen, das Gef\u00fchl schwerer Beine und beruhigt gereizte Haut.\" \/>\n<meta property=\"og:url\" content=\"https:\/\/www.swisslabnat.com\/de\/produit\/ciserbe-nova-250-ml\/\" \/>\n<meta property=\"og:site_name\" content=\"Swisslabnat S\u00e0rl\" \/>\n<meta property=\"article:publisher\" content=\"https:\/\/www.facebook.com\/swisslabnat\" \/>\n<meta property=\"article:modified_time\" content=\"2023-10-23T07:56:59+00:00\" \/>\n<meta property=\"og:image\" content=\"https:\/\/www.swisslabnat.com\/wp2022\/wp-content\/uploads\/2022\/02\/ciserbe-shop.png\" \/>\n\t<meta property=\"og:image:width\" content=\"220\" \/>\n\t<meta property=\"og:image:height\" content=\"433\" \/>\n\t<meta property=\"og:image:type\" content=\"image\/png\" \/>\n<meta name=\"twitter:card\" content=\"summary_large_image\" \/>\n<meta name=\"twitter:label1\" content=\"Est. reading time\" \/>\n\t<meta name=\"twitter:data1\" content=\"1 minute\" \/>\n<script type=\"application\/ld+json\" class=\"yoast-schema-graph\">{\"@context\":\"https:\\\/\\\/schema.org\",\"@graph\":[{\"@type\":\"WebPage\",\"@id\":\"https:\\\/\\\/www.swisslabnat.com\\\/de\\\/produit\\\/ciserbe-nova-250-ml\\\/\",\"url\":\"https:\\\/\\\/www.swisslabnat.com\\\/de\\\/produit\\\/ciserbe-nova-250-ml\\\/\",\"name\":\"Ciserbe Nouva TM - 250 ml - Swisslabnat S\u00e0rl\",\"isPartOf\":{\"@id\":\"https:\\\/\\\/www.swisslabnat.com\\\/#website\"},\"primaryImageOfPage\":{\"@id\":\"https:\\\/\\\/www.swisslabnat.com\\\/de\\\/produit\\\/ciserbe-nova-250-ml\\\/#primaryimage\"},\"image\":{\"@id\":\"https:\\\/\\\/www.swisslabnat.com\\\/de\\\/produit\\\/ciserbe-nova-250-ml\\\/#primaryimage\"},\"thumbnailUrl\":\"https:\\\/\\\/www.swisslabnat.com\\\/wp2022\\\/wp-content\\\/uploads\\\/2022\\\/02\\\/ciserbe-shop.png\",\"datePublished\":\"2022-02-10T16:28:24+00:00\",\"dateModified\":\"2023-10-23T07:56:59+00:00\",\"breadcrumb\":{\"@id\":\"https:\\\/\\\/www.swisslabnat.com\\\/de\\\/produit\\\/ciserbe-nova-250-ml\\\/#breadcrumb\"},\"inLanguage\":\"de-DE\",\"potentialAction\":[{\"@type\":\"ReadAction\",\"target\":[\"https:\\\/\\\/www.swisslabnat.com\\\/de\\\/produit\\\/ciserbe-nova-250-ml\\\/\"]}]},{\"@type\":\"ImageObject\",\"inLanguage\":\"de-DE\",\"@id\":\"https:\\\/\\\/www.swisslabnat.com\\\/de\\\/produit\\\/ciserbe-nova-250-ml\\\/#primaryimage\",\"url\":\"https:\\\/\\\/www.swisslabnat.com\\\/wp2022\\\/wp-content\\\/uploads\\\/2022\\\/02\\\/ciserbe-shop.png\",\"contentUrl\":\"https:\\\/\\\/www.swisslabnat.com\\\/wp2022\\\/wp-content\\\/uploads\\\/2022\\\/02\\\/ciserbe-shop.png\",\"width\":220,\"height\":433},{\"@type\":\"BreadcrumbList\",\"@id\":\"https:\\\/\\\/www.swisslabnat.com\\\/de\\\/produit\\\/ciserbe-nova-250-ml\\\/#breadcrumb\",\"itemListElement\":[{\"@type\":\"ListItem\",\"position\":1,\"name\":\"Accueil\",\"item\":\"https:\\\/\\\/www.swisslabnat.com\\\/de\\\/startseite\\\/\"},{\"@type\":\"ListItem\",\"position\":2,\"name\":\"Einkaufen\",\"item\":\"https:\\\/\\\/www.swisslabnat.com\\\/de\\\/einkaufen\\\/\"},{\"@type\":\"ListItem\",\"position\":3,\"name\":\"Ciserbe Nouva TM &#8211; 250 ml\"}]},{\"@type\":\"WebSite\",\"@id\":\"https:\\\/\\\/www.swisslabnat.com\\\/#website\",\"url\":\"https:\\\/\\\/www.swisslabnat.com\\\/\",\"name\":\"Swisslabnat S\u00e0rl\",\"description\":\"L&#039;\u00e9nergie de la lumi\u00e8re et le pouvoir des plantes\",\"publisher\":{\"@id\":\"https:\\\/\\\/www.swisslabnat.com\\\/#organization\"},\"potentialAction\":[{\"@type\":\"SearchAction\",\"target\":{\"@type\":\"EntryPoint\",\"urlTemplate\":\"https:\\\/\\\/www.swisslabnat.com\\\/?s={search_term_string}\"},\"query-input\":{\"@type\":\"PropertyValueSpecification\",\"valueRequired\":true,\"valueName\":\"search_term_string\"}}],\"inLanguage\":\"de-DE\"},{\"@type\":\"Organization\",\"@id\":\"https:\\\/\\\/www.swisslabnat.com\\\/#organization\",\"name\":\"Swisslabnat S\u00e0rl\",\"url\":\"https:\\\/\\\/www.swisslabnat.com\\\/\",\"logo\":{\"@type\":\"ImageObject\",\"inLanguage\":\"de-DE\",\"@id\":\"https:\\\/\\\/www.swisslabnat.com\\\/#\\\/schema\\\/logo\\\/image\\\/\",\"url\":\"https:\\\/\\\/www.swisslabnat.com\\\/wp2022\\\/wp-content\\\/uploads\\\/2022\\\/02\\\/swisslabnat-logo.png\",\"contentUrl\":\"https:\\\/\\\/www.swisslabnat.com\\\/wp2022\\\/wp-content\\\/uploads\\\/2022\\\/02\\\/swisslabnat-logo.png\",\"width\":200,\"height\":41,\"caption\":\"Swisslabnat S\u00e0rl\"},\"image\":{\"@id\":\"https:\\\/\\\/www.swisslabnat.com\\\/#\\\/schema\\\/logo\\\/image\\\/\"},\"sameAs\":[\"https:\\\/\\\/www.facebook.com\\\/swisslabnat\",\"https:\\\/\\\/www.instagram.com\\\/swisslabnat\\\/\"]}]}<\/script>\n<!-- \/ Yoast SEO plugin. -->","yoast_head_json":{"title":"Ciserbe Nouva TM - 250 ml - Swisslabnat S\u00e0rl","robots":{"index":"index","follow":"follow","max-snippet":"max-snippet:-1","max-image-preview":"max-image-preview:large","max-video-preview":"max-video-preview:-1"},"canonical":"https:\/\/www.swisslabnat.com\/de\/produit\/ciserbe-nova-250-ml\/","og_locale":"de_DE","og_type":"article","og_title":"Ciserbe Nouva TM - 250 ml - Swisslabnat S\u00e0rl","og_description":"Lindert Gelenk- und Muskelschmerzen, das Gef\u00fchl schwerer Beine und beruhigt gereizte Haut.","og_url":"https:\/\/www.swisslabnat.com\/de\/produit\/ciserbe-nova-250-ml\/","og_site_name":"Swisslabnat S\u00e0rl","article_publisher":"https:\/\/www.facebook.com\/swisslabnat","article_modified_time":"2023-10-23T07:56:59+00:00","og_image":[{"width":220,"height":433,"url":"https:\/\/www.swisslabnat.com\/wp2022\/wp-content\/uploads\/2022\/02\/ciserbe-shop.png","type":"image\/png"}],"twitter_card":"summary_large_image","twitter_misc":{"Est. reading time":"1 minute"},"schema":{"@context":"https:\/\/schema.org","@graph":[{"@type":"WebPage","@id":"https:\/\/www.swisslabnat.com\/de\/produit\/ciserbe-nova-250-ml\/","url":"https:\/\/www.swisslabnat.com\/de\/produit\/ciserbe-nova-250-ml\/","name":"Ciserbe Nouva TM - 250 ml - Swisslabnat S\u00e0rl","isPartOf":{"@id":"https:\/\/www.swisslabnat.com\/#website"},"primaryImageOfPage":{"@id":"https:\/\/www.swisslabnat.com\/de\/produit\/ciserbe-nova-250-ml\/#primaryimage"},"image":{"@id":"https:\/\/www.swisslabnat.com\/de\/produit\/ciserbe-nova-250-ml\/#primaryimage"},"thumbnailUrl":"https:\/\/www.swisslabnat.com\/wp2022\/wp-content\/uploads\/2022\/02\/ciserbe-shop.png","datePublished":"2022-02-10T16:28:24+00:00","dateModified":"2023-10-23T07:56:59+00:00","breadcrumb":{"@id":"https:\/\/www.swisslabnat.com\/de\/produit\/ciserbe-nova-250-ml\/#breadcrumb"},"inLanguage":"de-DE","potentialAction":[{"@type":"ReadAction","target":["https:\/\/www.swisslabnat.com\/de\/produit\/ciserbe-nova-250-ml\/"]}]},{"@type":"ImageObject","inLanguage":"de-DE","@id":"https:\/\/www.swisslabnat.com\/de\/produit\/ciserbe-nova-250-ml\/#primaryimage","url":"https:\/\/www.swisslabnat.com\/wp2022\/wp-content\/uploads\/2022\/02\/ciserbe-shop.png","contentUrl":"https:\/\/www.swisslabnat.com\/wp2022\/wp-content\/uploads\/2022\/02\/ciserbe-shop.png","width":220,"height":433},{"@type":"BreadcrumbList","@id":"https:\/\/www.swisslabnat.com\/de\/produit\/ciserbe-nova-250-ml\/#breadcrumb","itemListElement":[{"@type":"ListItem","position":1,"name":"Accueil","item":"https:\/\/www.swisslabnat.com\/de\/startseite\/"},{"@type":"ListItem","position":2,"name":"Einkaufen","item":"https:\/\/www.swisslabnat.com\/de\/einkaufen\/"},{"@type":"ListItem","position":3,"name":"Ciserbe Nouva TM &#8211; 250 ml"}]},{"@type":"WebSite","@id":"https:\/\/www.swisslabnat.com\/#website","url":"https:\/\/www.swisslabnat.com\/","name":"Swisslabnat S\u00e0rl","description":"L&#039;\u00e9nergie de la lumi\u00e8re et le pouvoir des plantes","publisher":{"@id":"https:\/\/www.swisslabnat.com\/#organization"},"potentialAction":[{"@type":"SearchAction","target":{"@type":"EntryPoint","urlTemplate":"https:\/\/www.swisslabnat.com\/?s={search_term_string}"},"query-input":{"@type":"PropertyValueSpecification","valueRequired":true,"valueName":"search_term_string"}}],"inLanguage":"de-DE"},{"@type":"Organization","@id":"https:\/\/www.swisslabnat.com\/#organization","name":"Swisslabnat S\u00e0rl","url":"https:\/\/www.swisslabnat.com\/","logo":{"@type":"ImageObject","inLanguage":"de-DE","@id":"https:\/\/www.swisslabnat.com\/#\/schema\/logo\/image\/","url":"https:\/\/www.swisslabnat.com\/wp2022\/wp-content\/uploads\/2022\/02\/swisslabnat-logo.png","contentUrl":"https:\/\/www.swisslabnat.com\/wp2022\/wp-content\/uploads\/2022\/02\/swisslabnat-logo.png","width":200,"height":41,"caption":"Swisslabnat S\u00e0rl"},"image":{"@id":"https:\/\/www.swisslabnat.com\/#\/schema\/logo\/image\/"},"sameAs":["https:\/\/www.facebook.com\/swisslabnat","https:\/\/www.instagram.com\/swisslabnat\/"]}]}},"_links":{"self":[{"href":"https:\/\/www.swisslabnat.com\/de\/wp-json\/wp\/v2\/product\/2845","targetHints":{"allow":["GET"]}}],"collection":[{"href":"https:\/\/www.swisslabnat.com\/de\/wp-json\/wp\/v2\/product"}],"about":[{"href":"https:\/\/www.swisslabnat.com\/de\/wp-json\/wp\/v2\/types\/product"}],"version-history":[{"count":1,"href":"https:\/\/www.swisslabnat.com\/de\/wp-json\/wp\/v2\/product\/2845\/revisions"}],"predecessor-version":[{"id":4245,"href":"https:\/\/www.swisslabnat.com\/de\/wp-json\/wp\/v2\/product\/2845\/revisions\/4245"}],"wp:featuredmedia":[{"embeddable":true,"href":"https:\/\/www.swisslabnat.com\/de\/wp-json\/wp\/v2\/media\/2181"}],"wp:attachment":[{"href":"https:\/\/www.swisslabnat.com\/de\/wp-json\/wp\/v2\/media?parent=2845"}],"wp:term":[{"taxonomy":"product_cat","embeddable":true,"href":"https:\/\/www.swisslabnat.com\/de\/wp-json\/wp\/v2\/product_cat?post=2845"},{"taxonomy":"product_tag","embeddable":true,"href":"https:\/\/www.swisslabnat.com\/de\/wp-json\/wp\/v2\/product_tag?post=2845"}],"curies":[{"name":"wp","href":"https:\/\/api.w.org\/{rel}","templated":true}]}}