{"id":2935,"date":"2022-02-14T20:50:09","date_gmt":"2022-02-14T19:50:09","guid":{"rendered":"https:\/\/www.swisslabnat.com\/institut\/"},"modified":"2025-07-18T16:35:41","modified_gmt":"2025-07-18T14:35:41","slug":"institut","status":"publish","type":"page","link":"https:\/\/www.swisslabnat.com\/de\/institut\/","title":{"rendered":"Institut"},"content":{"rendered":"\t\t<div data-elementor-type=\"wp-page\" data-elementor-id=\"2935\" class=\"elementor elementor-2935 elementor-742\" data-elementor-post-type=\"page\">\n\t\t\t\t\t\t<section class=\"has_ae_slider elementor-section elementor-top-section elementor-element elementor-element-bfb91a7 elementor-section-full_width elementor-section-stretched elementor-section-height-min-height elementor-section-height-default elementor-section-items-middle ae-bg-gallery-type-default\" data-id=\"bfb91a7\" data-element_type=\"section\" data-e-type=\"section\" data-settings=\"{&quot;stretch_section&quot;:&quot;section-stretched&quot;,&quot;background_background&quot;:&quot;classic&quot;}\">\n\t\t\t\t\t\t<div class=\"elementor-container elementor-column-gap-default\">\n\t\t\t\t\t<div class=\"has_ae_slider elementor-column elementor-col-33 elementor-top-column elementor-element elementor-element-21d8e84 ae-bg-gallery-type-default\" data-id=\"21d8e84\" data-element_type=\"column\" data-e-type=\"column\" data-settings=\"{&quot;background_background&quot;:&quot;classic&quot;}\">\n\t\t\t<div class=\"elementor-widget-wrap\">\n\t\t\t\t\t\t\t<\/div>\n\t\t<\/div>\n\t\t\t\t<div class=\"has_ae_slider elementor-column elementor-col-33 elementor-top-column elementor-element elementor-element-01cb3b3 ae-bg-gallery-type-default\" data-id=\"01cb3b3\" data-element_type=\"column\" data-e-type=\"column\">\n\t\t\t<div class=\"elementor-widget-wrap elementor-element-populated\">\n\t\t\t\t\t\t<div class=\"elementor-element elementor-element-2488440 elementor-widget elementor-widget-heading\" data-id=\"2488440\" data-element_type=\"widget\" data-e-type=\"widget\" data-widget_type=\"heading.default\">\n\t\t\t\t<div class=\"elementor-widget-container\">\n\t\t\t\t\t<h1 class=\"elementor-heading-title elementor-size-default\">Massage Institut<\/h1>\t\t\t\t<\/div>\n\t\t\t\t<\/div>\n\t\t\t\t<div class=\"elementor-element elementor-element-4363ef6 elementor-widget-divider--view-line elementor-widget elementor-widget-divider\" data-id=\"4363ef6\" data-element_type=\"widget\" data-e-type=\"widget\" data-widget_type=\"divider.default\">\n\t\t\t\t<div class=\"elementor-widget-container\">\n\t\t\t\t\t\t\t<div class=\"elementor-divider\">\n\t\t\t<span class=\"elementor-divider-separator\">\n\t\t\t\t\t\t<\/span>\n\t\t<\/div>\n\t\t\t\t\t\t<\/div>\n\t\t\t\t<\/div>\n\t\t\t\t\t<\/div>\n\t\t<\/div>\n\t\t\t\t<div class=\"has_ae_slider elementor-column elementor-col-33 elementor-top-column elementor-element elementor-element-afb49a9 ae-bg-gallery-type-default\" data-id=\"afb49a9\" data-element_type=\"column\" data-e-type=\"column\">\n\t\t\t<div class=\"elementor-widget-wrap\">\n\t\t\t\t\t\t\t<\/div>\n\t\t<\/div>\n\t\t\t\t\t<\/div>\n\t\t<\/section>\n\t\t\t\t<section class=\"has_ae_slider elementor-section elementor-top-section elementor-element elementor-element-751cfb1 elementor-reverse-mobile elementor-section-boxed elementor-section-height-default elementor-section-height-default ae-bg-gallery-type-default\" data-id=\"751cfb1\" data-element_type=\"section\" data-e-type=\"section\">\n\t\t\t\t\t\t<div class=\"elementor-container elementor-column-gap-default\">\n\t\t\t\t\t<div class=\"has_ae_slider elementor-column elementor-col-50 elementor-top-column elementor-element elementor-element-8ee9baf ae-bg-gallery-type-default\" data-id=\"8ee9baf\" data-element_type=\"column\" data-e-type=\"column\">\n\t\t\t<div class=\"elementor-widget-wrap elementor-element-populated\">\n\t\t\t\t\t\t<div class=\"elementor-element elementor-element-659ec78 elementor-widget elementor-widget-heading\" data-id=\"659ec78\" data-element_type=\"widget\" data-e-type=\"widget\" data-widget_type=\"heading.default\">\n\t\t\t\t<div class=\"elementor-widget-container\">\n\t\t\t\t\t<h2 class=\"elementor-heading-title elementor-size-medium\">Antonino Santangelo<\/h2>\t\t\t\t<\/div>\n\t\t\t\t<\/div>\n\t\t\t\t<div class=\"elementor-element elementor-element-dfb06aa elementor-widget-divider--view-line elementor-widget elementor-widget-divider\" data-id=\"dfb06aa\" data-element_type=\"widget\" data-e-type=\"widget\" data-widget_type=\"divider.default\">\n\t\t\t\t<div class=\"elementor-widget-container\">\n\t\t\t\t\t\t\t<div class=\"elementor-divider\">\n\t\t\t<span class=\"elementor-divider-separator\">\n\t\t\t\t\t\t<\/span>\n\t\t<\/div>\n\t\t\t\t\t\t<\/div>\n\t\t\t\t<\/div>\n\t\t\t\t<div class=\"elementor-element elementor-element-74bd0c4 elementor-widget elementor-widget-text-editor\" data-id=\"74bd0c4\" data-element_type=\"widget\" data-e-type=\"widget\" data-widget_type=\"text-editor.default\">\n\t\t\t\t<div class=\"elementor-widget-container\">\n\t\t\t\t\t\t\t\t\t<p>Anerkannter ASCA f\u00fcr klassische Massage.<\/p>\n<p><b style=\"font-size: 18px;\">Klassische Massage \/ Sportmassage<\/b><\/p>\n<ul>\n<li>Zielt auf Muskeln und Gelenke<\/li>\n<li>Entspannt das tiefe Gewebe<\/li>\n<li>Stellt die Beweglichkeit und den Muskeltonus wieder her<\/li>\n<li>Anti-Stress-Effekt und Wohlbefinden<\/li>\n<\/ul>\n<div>\n<p><b>Bindegewebsmassage<br><\/b><\/p>\n<div>\n<ul>\n<li>Gilt f\u00fcr den gesamten K\u00f6rper<\/li>\n<li>Behandelt verschiedene Probleme<\/li>\n<li>Stimuliert das Nervensystem<\/li>\n<li>Bringt den Muskeltonus ins Gleichgewicht und stellt die Beweglichkeit wieder her.<\/li>\n<\/ul>\n<div><b>Lymphatische Drainage<\/b><\/div>\n<\/div>\n<ul>\n<li>Lindert lymphatische St\u00f6rungen<\/li>\n<li><span style=\"font-size: 18px;\">Reduziert die Wassereinlagerungen<\/span><\/li>\n<li>Verbessert die ven\u00f6se und lymphatische Zirkulation<\/li>\n<\/ul>\n<div><b>Fu\u00dfreflexzonenmassage<\/b><\/div>\n<div>\n<div>\n<ul>\n<li>Wirkt auf die Reflexzonen des Fu\u00dfes<\/li>\n<li>Stimuliert das Nervensystem<\/li>\n<li>Zielt auf Ungleichgewichte in den Organen ab<\/li>\n<\/ul>\n<\/div>\n<\/div>\n<div><span style=\"font-size: 18px;\">Behandlungen dauern 60 Minuten zum Preis von CHF 120.-<\/span><\/div>\n<\/div>\n<p><strong>Vereinbaren Sie einen Termin per Telefon: +41 <\/strong><b>78 942 33 33<\/b><\/p>\t\t\t\t\t\t\t\t<\/div>\n\t\t\t\t<\/div>\n\t\t\t\t\t<\/div>\n\t\t<\/div>\n\t\t\t\t<div class=\"has_ae_slider elementor-column elementor-col-50 elementor-top-column elementor-element elementor-element-eefba54 ae-bg-gallery-type-default\" data-id=\"eefba54\" data-element_type=\"column\" data-e-type=\"column\">\n\t\t\t<div class=\"elementor-widget-wrap elementor-element-populated\">\n\t\t\t\t\t\t<div class=\"elementor-element elementor-element-e143fcb elementor-widget elementor-widget-image\" data-id=\"e143fcb\" data-element_type=\"widget\" data-e-type=\"widget\" data-widget_type=\"image.default\">\n\t\t\t\t<div class=\"elementor-widget-container\">\n\t\t\t\t\t\t\t\t\t\t\t\t\t\t\t<img fetchpriority=\"high\" decoding=\"async\" width=\"966\" height=\"1024\" src=\"https:\/\/www.swisslabnat.com\/wp2022\/wp-content\/uploads\/2022\/02\/Antonino_Sanangelo.jpeg\" class=\"attachment-large size-large wp-image-747\" alt=\"\" srcset=\"https:\/\/www.swisslabnat.com\/wp2022\/wp-content\/uploads\/2022\/02\/Antonino_Sanangelo.jpeg 966w, https:\/\/www.swisslabnat.com\/wp2022\/wp-content\/uploads\/2022\/02\/Antonino_Sanangelo-283x300.jpeg 283w, https:\/\/www.swisslabnat.com\/wp2022\/wp-content\/uploads\/2022\/02\/Antonino_Sanangelo-768x814.jpeg 768w, https:\/\/www.swisslabnat.com\/wp2022\/wp-content\/uploads\/2022\/02\/Antonino_Sanangelo-300x318.jpeg 300w, https:\/\/www.swisslabnat.com\/wp2022\/wp-content\/uploads\/2022\/02\/Antonino_Sanangelo-600x636.jpeg 600w\" sizes=\"(max-width: 966px) 100vw, 966px\" \/>\t\t\t\t\t\t\t\t\t\t\t\t\t\t\t<\/div>\n\t\t\t\t<\/div>\n\t\t\t\t\t<\/div>\n\t\t<\/div>\n\t\t\t\t\t<\/div>\n\t\t<\/section>\n\t\t\t\t<section class=\"has_ae_slider elementor-section elementor-top-section elementor-element elementor-element-f1bbcea elementor-section-boxed elementor-section-height-default elementor-section-height-default ae-bg-gallery-type-default\" data-id=\"f1bbcea\" data-element_type=\"section\" data-e-type=\"section\">\n\t\t\t\t\t\t<div class=\"elementor-container elementor-column-gap-default\">\n\t\t\t\t\t<div class=\"has_ae_slider elementor-column elementor-col-33 elementor-top-column elementor-element elementor-element-b95a7f5 ae-bg-gallery-type-default\" data-id=\"b95a7f5\" data-element_type=\"column\" data-e-type=\"column\">\n\t\t\t<div class=\"elementor-widget-wrap elementor-element-populated\">\n\t\t\t\t\t\t<div class=\"elementor-element elementor-element-efef7a7 elementor-widget elementor-widget-image\" data-id=\"efef7a7\" data-element_type=\"widget\" data-e-type=\"widget\" data-widget_type=\"image.default\">\n\t\t\t\t<div class=\"elementor-widget-container\">\n\t\t\t\t\t\t\t\t\t\t\t\t\t\t\t<img decoding=\"async\" width=\"600\" height=\"400\" src=\"https:\/\/www.swisslabnat.com\/wp2022\/wp-content\/uploads\/2022\/02\/institut_de_massage_Swisslabnat1.jpg\" class=\"attachment-large size-large wp-image-760\" alt=\"\" srcset=\"https:\/\/www.swisslabnat.com\/wp2022\/wp-content\/uploads\/2022\/02\/institut_de_massage_Swisslabnat1.jpg 600w, https:\/\/www.swisslabnat.com\/wp2022\/wp-content\/uploads\/2022\/02\/institut_de_massage_Swisslabnat1-300x200.jpg 300w\" sizes=\"(max-width: 600px) 100vw, 600px\" \/>\t\t\t\t\t\t\t\t\t\t\t\t\t\t\t<\/div>\n\t\t\t\t<\/div>\n\t\t\t\t\t<\/div>\n\t\t<\/div>\n\t\t\t\t<div class=\"has_ae_slider elementor-column elementor-col-33 elementor-top-column elementor-element elementor-element-0b584a8 ae-bg-gallery-type-default\" data-id=\"0b584a8\" data-element_type=\"column\" data-e-type=\"column\">\n\t\t\t<div class=\"elementor-widget-wrap elementor-element-populated\">\n\t\t\t\t\t\t<div class=\"elementor-element elementor-element-75ded67 elementor-widget elementor-widget-image\" data-id=\"75ded67\" data-element_type=\"widget\" data-e-type=\"widget\" data-widget_type=\"image.default\">\n\t\t\t\t<div class=\"elementor-widget-container\">\n\t\t\t\t\t\t\t\t\t\t\t\t\t\t\t<img decoding=\"async\" width=\"600\" height=\"400\" src=\"https:\/\/www.swisslabnat.com\/wp2022\/wp-content\/uploads\/2022\/02\/institut_de_massage_Swisslabnat2.jpg\" class=\"attachment-large size-large wp-image-761\" alt=\"\" srcset=\"https:\/\/www.swisslabnat.com\/wp2022\/wp-content\/uploads\/2022\/02\/institut_de_massage_Swisslabnat2.jpg 600w, https:\/\/www.swisslabnat.com\/wp2022\/wp-content\/uploads\/2022\/02\/institut_de_massage_Swisslabnat2-300x200.jpg 300w\" sizes=\"(max-width: 600px) 100vw, 600px\" \/>\t\t\t\t\t\t\t\t\t\t\t\t\t\t\t<\/div>\n\t\t\t\t<\/div>\n\t\t\t\t\t<\/div>\n\t\t<\/div>\n\t\t\t\t<div class=\"has_ae_slider elementor-column elementor-col-33 elementor-top-column elementor-element elementor-element-cbc544f ae-bg-gallery-type-default\" data-id=\"cbc544f\" data-element_type=\"column\" data-e-type=\"column\">\n\t\t\t<div class=\"elementor-widget-wrap elementor-element-populated\">\n\t\t\t\t\t\t<div class=\"elementor-element elementor-element-8458120 elementor-widget elementor-widget-image\" data-id=\"8458120\" data-element_type=\"widget\" data-e-type=\"widget\" data-widget_type=\"image.default\">\n\t\t\t\t<div class=\"elementor-widget-container\">\n\t\t\t\t\t\t\t\t\t\t\t\t\t\t\t<img loading=\"lazy\" decoding=\"async\" width=\"600\" height=\"400\" src=\"https:\/\/www.swisslabnat.com\/wp2022\/wp-content\/uploads\/2022\/02\/institut_de_massage_Swisslabnat3.jpg\" class=\"attachment-large size-large wp-image-759\" alt=\"\" srcset=\"https:\/\/www.swisslabnat.com\/wp2022\/wp-content\/uploads\/2022\/02\/institut_de_massage_Swisslabnat3.jpg 600w, https:\/\/www.swisslabnat.com\/wp2022\/wp-content\/uploads\/2022\/02\/institut_de_massage_Swisslabnat3-300x200.jpg 300w\" sizes=\"(max-width: 600px) 100vw, 600px\" \/>\t\t\t\t\t\t\t\t\t\t\t\t\t\t\t<\/div>\n\t\t\t\t<\/div>\n\t\t\t\t\t<\/div>\n\t\t<\/div>\n\t\t\t\t\t<\/div>\n\t\t<\/section>\n\t\t\t\t<section class=\"has_ae_slider elementor-section elementor-top-section elementor-element elementor-element-5fede48 elementor-section-full_width elementor-section-stretched elementor-section-height-default elementor-section-height-default ae-bg-gallery-type-default\" data-id=\"5fede48\" data-element_type=\"section\" data-e-type=\"section\" data-settings=\"{&quot;stretch_section&quot;:&quot;section-stretched&quot;,&quot;background_background&quot;:&quot;classic&quot;}\">\n\t\t\t\t\t\t<div class=\"elementor-container elementor-column-gap-default\">\n\t\t\t\t\t<div class=\"has_ae_slider elementor-column elementor-col-100 elementor-top-column elementor-element elementor-element-237d9d2a ae-bg-gallery-type-default\" data-id=\"237d9d2a\" data-element_type=\"column\" data-e-type=\"column\">\n\t\t\t<div class=\"elementor-widget-wrap elementor-element-populated\">\n\t\t\t\t\t\t<div class=\"elementor-element elementor-element-26512653 elementor-widget elementor-widget-text-editor\" data-id=\"26512653\" data-element_type=\"widget\" data-e-type=\"widget\" data-widget_type=\"text-editor.default\">\n\t\t\t\t<div class=\"elementor-widget-container\">\n\t\t\t\t\t\t\t\t\t<p style=\"text-align: center;\"><span style=\"color: #ffffff;\">Haben Sie irgendwelche Fragen ?<\/span><\/p>\n<p style=\"text-align: center;\"><span style=\"color: #ffffff;\">Wenn Sie weitere Informationen \u00fcber uns oder unsere Produkte ben\u00f6tigen, z\u00f6gern Sie nicht, uns zu kontaktieren!<\/span><\/p>\n\t\t\t\t\t\t\t\t<\/div>\n\t\t\t\t<\/div>\n\t\t\t\t<div class=\"elementor-element elementor-element-74ef44f9 elementor-align-center elementor-widget elementor-widget-button\" data-id=\"74ef44f9\" data-element_type=\"widget\" data-e-type=\"widget\" data-widget_type=\"button.default\">\n\t\t\t\t<div class=\"elementor-widget-container\">\n\t\t\t\t\t\t\t\t\t<div class=\"elementor-button-wrapper\">\n\t\t\t\t\t<a class=\"elementor-button elementor-button-link elementor-size-sm\" href=\"https:\/\/www.swisslabnat.com\/de\/kontakt\/\" target=\"_blank\">\n\t\t\t\t\t\t<span class=\"elementor-button-content-wrapper\">\n\t\t\t\t\t\t\t\t\t<span class=\"elementor-button-text\">KONTAKTIERE UNS<\/span>\n\t\t\t\t\t<\/span>\n\t\t\t\t\t<\/a>\n\t\t\t\t<\/div>\n\t\t\t\t\t\t\t\t<\/div>\n\t\t\t\t<\/div>\n\t\t\t\t\t<\/div>\n\t\t<\/div>\n\t\t\t\t\t<\/div>\n\t\t<\/section>\n\t\t\t\t<\/div>\n\t\t","protected":false},"excerpt":{"rendered":"<p>Massage Institut Antonino Santangelo Anerkannter ASCA f\u00fcr klassische Massage. Klassische Massage \/ Sportmassage Zielt auf Muskeln und Gelenke Entspannt das tiefe Gewebe Stellt die Beweglichkeit und den Muskeltonus wieder her Anti-Stress-Effekt und Wohlbefinden Bindegewebsmassage Gilt f\u00fcr den gesamten K\u00f6rper Behandelt verschiedene Probleme Stimuliert das Nervensystem Bringt den Muskeltonus ins Gleichgewicht und stellt die Beweglichkeit wieder [&hellip;]<\/p>\n","protected":false},"author":1,"featured_media":0,"parent":0,"menu_order":0,"comment_status":"closed","ping_status":"closed","template":"","meta":{"_acf_changed":false,"footnotes":""},"class_list":["post-2935","page","type-page","status-publish","hentry","entry","owp-thumbs-layout-horizontal","owp-btn-normal","owp-tabs-layout-horizontal","has-no-thumbnails"],"acf":[],"yoast_head":"<!-- This site is optimized with the Yoast SEO plugin v27.4 - https:\/\/yoast.com\/product\/yoast-seo-wordpress\/ -->\n<title>Institut - Swisslabnat S\u00e0rl<\/title>\n<meta name=\"robots\" content=\"index, follow, max-snippet:-1, max-image-preview:large, max-video-preview:-1\" \/>\n<link rel=\"canonical\" href=\"https:\/\/www.swisslabnat.com\/de\/institut\/\" \/>\n<meta property=\"og:locale\" content=\"de_DE\" \/>\n<meta property=\"og:type\" content=\"article\" \/>\n<meta property=\"og:title\" content=\"Institut - Swisslabnat S\u00e0rl\" \/>\n<meta property=\"og:description\" content=\"Massage Institut Antonino Santangelo Anerkannter ASCA f\u00fcr klassische Massage. Klassische Massage \/ Sportmassage Zielt auf Muskeln und Gelenke Entspannt das tiefe Gewebe Stellt die Beweglichkeit und den Muskeltonus wieder her Anti-Stress-Effekt und Wohlbefinden Bindegewebsmassage Gilt f\u00fcr den gesamten K\u00f6rper Behandelt verschiedene Probleme Stimuliert das Nervensystem Bringt den Muskeltonus ins Gleichgewicht und stellt die Beweglichkeit wieder [&hellip;]\" \/>\n<meta property=\"og:url\" content=\"https:\/\/www.swisslabnat.com\/de\/institut\/\" \/>\n<meta property=\"og:site_name\" content=\"Swisslabnat S\u00e0rl\" \/>\n<meta property=\"article:publisher\" content=\"https:\/\/www.facebook.com\/swisslabnat\" \/>\n<meta property=\"article:modified_time\" content=\"2025-07-18T14:35:41+00:00\" \/>\n<meta property=\"og:image\" content=\"https:\/\/www.swisslabnat.com\/wp2022\/wp-content\/uploads\/2022\/02\/Antonino_Sanangelo.jpeg\" \/>\n\t<meta property=\"og:image:width\" content=\"966\" \/>\n\t<meta property=\"og:image:height\" content=\"1024\" \/>\n\t<meta property=\"og:image:type\" content=\"image\/jpeg\" \/>\n<meta name=\"twitter:card\" content=\"summary_large_image\" \/>\n<meta name=\"twitter:label1\" content=\"Est. reading time\" \/>\n\t<meta name=\"twitter:data1\" content=\"1 minute\" \/>\n<script type=\"application\/ld+json\" class=\"yoast-schema-graph\">{\"@context\":\"https:\\\/\\\/schema.org\",\"@graph\":[{\"@type\":\"WebPage\",\"@id\":\"https:\\\/\\\/www.swisslabnat.com\\\/de\\\/institut\\\/\",\"url\":\"https:\\\/\\\/www.swisslabnat.com\\\/de\\\/institut\\\/\",\"name\":\"Institut - Swisslabnat S\u00e0rl\",\"isPartOf\":{\"@id\":\"https:\\\/\\\/www.swisslabnat.com\\\/#website\"},\"primaryImageOfPage\":{\"@id\":\"https:\\\/\\\/www.swisslabnat.com\\\/de\\\/institut\\\/#primaryimage\"},\"image\":{\"@id\":\"https:\\\/\\\/www.swisslabnat.com\\\/de\\\/institut\\\/#primaryimage\"},\"thumbnailUrl\":\"https:\\\/\\\/www.swisslabnat.com\\\/wp2022\\\/wp-content\\\/uploads\\\/2022\\\/02\\\/Antonino_Sanangelo.jpeg\",\"datePublished\":\"2022-02-14T19:50:09+00:00\",\"dateModified\":\"2025-07-18T14:35:41+00:00\",\"breadcrumb\":{\"@id\":\"https:\\\/\\\/www.swisslabnat.com\\\/de\\\/institut\\\/#breadcrumb\"},\"inLanguage\":\"de-DE\",\"potentialAction\":[{\"@type\":\"ReadAction\",\"target\":[\"https:\\\/\\\/www.swisslabnat.com\\\/de\\\/institut\\\/\"]}]},{\"@type\":\"ImageObject\",\"inLanguage\":\"de-DE\",\"@id\":\"https:\\\/\\\/www.swisslabnat.com\\\/de\\\/institut\\\/#primaryimage\",\"url\":\"https:\\\/\\\/www.swisslabnat.com\\\/wp2022\\\/wp-content\\\/uploads\\\/2022\\\/02\\\/Antonino_Sanangelo.jpeg\",\"contentUrl\":\"https:\\\/\\\/www.swisslabnat.com\\\/wp2022\\\/wp-content\\\/uploads\\\/2022\\\/02\\\/Antonino_Sanangelo.jpeg\"},{\"@type\":\"BreadcrumbList\",\"@id\":\"https:\\\/\\\/www.swisslabnat.com\\\/de\\\/institut\\\/#breadcrumb\",\"itemListElement\":[{\"@type\":\"ListItem\",\"position\":1,\"name\":\"Accueil\",\"item\":\"https:\\\/\\\/www.swisslabnat.com\\\/de\\\/startseite\\\/\"},{\"@type\":\"ListItem\",\"position\":2,\"name\":\"Institut\"}]},{\"@type\":\"WebSite\",\"@id\":\"https:\\\/\\\/www.swisslabnat.com\\\/#website\",\"url\":\"https:\\\/\\\/www.swisslabnat.com\\\/\",\"name\":\"Swisslabnat S\u00e0rl\",\"description\":\"L&#039;\u00e9nergie de la lumi\u00e8re et le pouvoir des plantes\",\"publisher\":{\"@id\":\"https:\\\/\\\/www.swisslabnat.com\\\/#organization\"},\"potentialAction\":[{\"@type\":\"SearchAction\",\"target\":{\"@type\":\"EntryPoint\",\"urlTemplate\":\"https:\\\/\\\/www.swisslabnat.com\\\/?s={search_term_string}\"},\"query-input\":{\"@type\":\"PropertyValueSpecification\",\"valueRequired\":true,\"valueName\":\"search_term_string\"}}],\"inLanguage\":\"de-DE\"},{\"@type\":\"Organization\",\"@id\":\"https:\\\/\\\/www.swisslabnat.com\\\/#organization\",\"name\":\"Swisslabnat S\u00e0rl\",\"url\":\"https:\\\/\\\/www.swisslabnat.com\\\/\",\"logo\":{\"@type\":\"ImageObject\",\"inLanguage\":\"de-DE\",\"@id\":\"https:\\\/\\\/www.swisslabnat.com\\\/#\\\/schema\\\/logo\\\/image\\\/\",\"url\":\"https:\\\/\\\/www.swisslabnat.com\\\/wp2022\\\/wp-content\\\/uploads\\\/2022\\\/02\\\/swisslabnat-logo.png\",\"contentUrl\":\"https:\\\/\\\/www.swisslabnat.com\\\/wp2022\\\/wp-content\\\/uploads\\\/2022\\\/02\\\/swisslabnat-logo.png\",\"width\":200,\"height\":41,\"caption\":\"Swisslabnat S\u00e0rl\"},\"image\":{\"@id\":\"https:\\\/\\\/www.swisslabnat.com\\\/#\\\/schema\\\/logo\\\/image\\\/\"},\"sameAs\":[\"https:\\\/\\\/www.facebook.com\\\/swisslabnat\",\"https:\\\/\\\/www.instagram.com\\\/swisslabnat\\\/\"]}]}<\/script>\n<!-- \/ Yoast SEO plugin. -->","yoast_head_json":{"title":"Institut - Swisslabnat S\u00e0rl","robots":{"index":"index","follow":"follow","max-snippet":"max-snippet:-1","max-image-preview":"max-image-preview:large","max-video-preview":"max-video-preview:-1"},"canonical":"https:\/\/www.swisslabnat.com\/de\/institut\/","og_locale":"de_DE","og_type":"article","og_title":"Institut - Swisslabnat S\u00e0rl","og_description":"Massage Institut Antonino Santangelo Anerkannter ASCA f\u00fcr klassische Massage. Klassische Massage \/ Sportmassage Zielt auf Muskeln und Gelenke Entspannt das tiefe Gewebe Stellt die Beweglichkeit und den Muskeltonus wieder her Anti-Stress-Effekt und Wohlbefinden Bindegewebsmassage Gilt f\u00fcr den gesamten K\u00f6rper Behandelt verschiedene Probleme Stimuliert das Nervensystem Bringt den Muskeltonus ins Gleichgewicht und stellt die Beweglichkeit wieder [&hellip;]","og_url":"https:\/\/www.swisslabnat.com\/de\/institut\/","og_site_name":"Swisslabnat S\u00e0rl","article_publisher":"https:\/\/www.facebook.com\/swisslabnat","article_modified_time":"2025-07-18T14:35:41+00:00","og_image":[{"width":966,"height":1024,"url":"https:\/\/www.swisslabnat.com\/wp2022\/wp-content\/uploads\/2022\/02\/Antonino_Sanangelo.jpeg","type":"image\/jpeg"}],"twitter_card":"summary_large_image","twitter_misc":{"Est. reading time":"1 minute"},"schema":{"@context":"https:\/\/schema.org","@graph":[{"@type":"WebPage","@id":"https:\/\/www.swisslabnat.com\/de\/institut\/","url":"https:\/\/www.swisslabnat.com\/de\/institut\/","name":"Institut - Swisslabnat S\u00e0rl","isPartOf":{"@id":"https:\/\/www.swisslabnat.com\/#website"},"primaryImageOfPage":{"@id":"https:\/\/www.swisslabnat.com\/de\/institut\/#primaryimage"},"image":{"@id":"https:\/\/www.swisslabnat.com\/de\/institut\/#primaryimage"},"thumbnailUrl":"https:\/\/www.swisslabnat.com\/wp2022\/wp-content\/uploads\/2022\/02\/Antonino_Sanangelo.jpeg","datePublished":"2022-02-14T19:50:09+00:00","dateModified":"2025-07-18T14:35:41+00:00","breadcrumb":{"@id":"https:\/\/www.swisslabnat.com\/de\/institut\/#breadcrumb"},"inLanguage":"de-DE","potentialAction":[{"@type":"ReadAction","target":["https:\/\/www.swisslabnat.com\/de\/institut\/"]}]},{"@type":"ImageObject","inLanguage":"de-DE","@id":"https:\/\/www.swisslabnat.com\/de\/institut\/#primaryimage","url":"https:\/\/www.swisslabnat.com\/wp2022\/wp-content\/uploads\/2022\/02\/Antonino_Sanangelo.jpeg","contentUrl":"https:\/\/www.swisslabnat.com\/wp2022\/wp-content\/uploads\/2022\/02\/Antonino_Sanangelo.jpeg"},{"@type":"BreadcrumbList","@id":"https:\/\/www.swisslabnat.com\/de\/institut\/#breadcrumb","itemListElement":[{"@type":"ListItem","position":1,"name":"Accueil","item":"https:\/\/www.swisslabnat.com\/de\/startseite\/"},{"@type":"ListItem","position":2,"name":"Institut"}]},{"@type":"WebSite","@id":"https:\/\/www.swisslabnat.com\/#website","url":"https:\/\/www.swisslabnat.com\/","name":"Swisslabnat S\u00e0rl","description":"L&#039;\u00e9nergie de la lumi\u00e8re et le pouvoir des plantes","publisher":{"@id":"https:\/\/www.swisslabnat.com\/#organization"},"potentialAction":[{"@type":"SearchAction","target":{"@type":"EntryPoint","urlTemplate":"https:\/\/www.swisslabnat.com\/?s={search_term_string}"},"query-input":{"@type":"PropertyValueSpecification","valueRequired":true,"valueName":"search_term_string"}}],"inLanguage":"de-DE"},{"@type":"Organization","@id":"https:\/\/www.swisslabnat.com\/#organization","name":"Swisslabnat S\u00e0rl","url":"https:\/\/www.swisslabnat.com\/","logo":{"@type":"ImageObject","inLanguage":"de-DE","@id":"https:\/\/www.swisslabnat.com\/#\/schema\/logo\/image\/","url":"https:\/\/www.swisslabnat.com\/wp2022\/wp-content\/uploads\/2022\/02\/swisslabnat-logo.png","contentUrl":"https:\/\/www.swisslabnat.com\/wp2022\/wp-content\/uploads\/2022\/02\/swisslabnat-logo.png","width":200,"height":41,"caption":"Swisslabnat S\u00e0rl"},"image":{"@id":"https:\/\/www.swisslabnat.com\/#\/schema\/logo\/image\/"},"sameAs":["https:\/\/www.facebook.com\/swisslabnat","https:\/\/www.instagram.com\/swisslabnat\/"]}]}},"_links":{"self":[{"href":"https:\/\/www.swisslabnat.com\/de\/wp-json\/wp\/v2\/pages\/2935","targetHints":{"allow":["GET"]}}],"collection":[{"href":"https:\/\/www.swisslabnat.com\/de\/wp-json\/wp\/v2\/pages"}],"about":[{"href":"https:\/\/www.swisslabnat.com\/de\/wp-json\/wp\/v2\/types\/page"}],"author":[{"embeddable":true,"href":"https:\/\/www.swisslabnat.com\/de\/wp-json\/wp\/v2\/users\/1"}],"replies":[{"embeddable":true,"href":"https:\/\/www.swisslabnat.com\/de\/wp-json\/wp\/v2\/comments?post=2935"}],"version-history":[{"count":10,"href":"https:\/\/www.swisslabnat.com\/de\/wp-json\/wp\/v2\/pages\/2935\/revisions"}],"predecessor-version":[{"id":5987,"href":"https:\/\/www.swisslabnat.com\/de\/wp-json\/wp\/v2\/pages\/2935\/revisions\/5987"}],"wp:attachment":[{"href":"https:\/\/www.swisslabnat.com\/de\/wp-json\/wp\/v2\/media?parent=2935"}],"curies":[{"name":"wp","href":"https:\/\/api.w.org\/{rel}","templated":true}]}}