{"id":2893,"date":"2022-02-22T17:14:56","date_gmt":"2022-02-22T16:14:56","guid":{"rendered":"https:\/\/www.swisslabnat.com\/haftungsausschluss\/"},"modified":"2022-05-17T10:57:15","modified_gmt":"2022-05-17T08:57:15","slug":"haftungsausschluss","status":"publish","type":"page","link":"https:\/\/www.swisslabnat.com\/de\/haftungsausschluss\/","title":{"rendered":"Haftungsausschluss"},"content":{"rendered":"\t\t<div data-elementor-type=\"wp-page\" data-elementor-id=\"2893\" class=\"elementor elementor-2893 elementor-1385\" data-elementor-post-type=\"page\">\n\t\t\t\t\t\t<section class=\"has_ae_slider elementor-section elementor-top-section elementor-element elementor-element-bfb91a7 elementor-section-full_width elementor-section-stretched elementor-section-height-default elementor-section-height-default ae-bg-gallery-type-default\" data-id=\"bfb91a7\" data-element_type=\"section\" data-e-type=\"section\" data-settings=\"{&quot;stretch_section&quot;:&quot;section-stretched&quot;,&quot;background_background&quot;:&quot;classic&quot;}\">\n\t\t\t\t\t\t<div class=\"elementor-container elementor-column-gap-default\">\n\t\t\t\t\t<div class=\"has_ae_slider elementor-column elementor-col-33 elementor-top-column elementor-element elementor-element-21d8e84 ae-bg-gallery-type-default\" data-id=\"21d8e84\" data-element_type=\"column\" data-e-type=\"column\" data-settings=\"{&quot;background_background&quot;:&quot;classic&quot;}\">\n\t\t\t<div class=\"elementor-widget-wrap\">\n\t\t\t\t\t\t\t<\/div>\n\t\t<\/div>\n\t\t\t\t<div class=\"has_ae_slider elementor-column elementor-col-33 elementor-top-column elementor-element elementor-element-01cb3b3 ae-bg-gallery-type-default\" data-id=\"01cb3b3\" data-element_type=\"column\" data-e-type=\"column\">\n\t\t\t<div class=\"elementor-widget-wrap elementor-element-populated\">\n\t\t\t\t\t\t<div class=\"elementor-element elementor-element-2488440 elementor-widget elementor-widget-heading\" data-id=\"2488440\" data-element_type=\"widget\" data-e-type=\"widget\" data-widget_type=\"heading.default\">\n\t\t\t\t<div class=\"elementor-widget-container\">\n\t\t\t\t\t<h2 class=\"elementor-heading-title elementor-size-default\">Haftungsausschluss<\/h2>\t\t\t\t<\/div>\n\t\t\t\t<\/div>\n\t\t\t\t<div class=\"elementor-element elementor-element-4363ef6 elementor-widget-divider--view-line elementor-widget elementor-widget-divider\" data-id=\"4363ef6\" data-element_type=\"widget\" data-e-type=\"widget\" data-widget_type=\"divider.default\">\n\t\t\t\t<div class=\"elementor-widget-container\">\n\t\t\t\t\t\t\t<div class=\"elementor-divider\">\n\t\t\t<span class=\"elementor-divider-separator\">\n\t\t\t\t\t\t<\/span>\n\t\t<\/div>\n\t\t\t\t\t\t<\/div>\n\t\t\t\t<\/div>\n\t\t\t\t<div class=\"elementor-element elementor-element-a0fe426 elementor-widget elementor-widget-text-editor\" data-id=\"a0fe426\" data-element_type=\"widget\" data-e-type=\"widget\" data-widget_type=\"text-editor.default\">\n\t\t\t\t<div class=\"elementor-widget-container\">\n\t\t\t\t\t\t\t\t\t<p><strong><span style=\"color: #ffffff;\">Die Informationen auf unserer Website werden nur zu Informationszwecken zur Verf\u00fcgung gestellt.<\/span><\/strong><\/p>\t\t\t\t\t\t\t\t<\/div>\n\t\t\t\t<\/div>\n\t\t\t\t\t<\/div>\n\t\t<\/div>\n\t\t\t\t<div class=\"has_ae_slider elementor-column elementor-col-33 elementor-top-column elementor-element elementor-element-afb49a9 ae-bg-gallery-type-default\" data-id=\"afb49a9\" data-element_type=\"column\" data-e-type=\"column\">\n\t\t\t<div class=\"elementor-widget-wrap\">\n\t\t\t\t\t\t\t<\/div>\n\t\t<\/div>\n\t\t\t\t\t<\/div>\n\t\t<\/section>\n\t\t\t\t<section class=\"has_ae_slider elementor-section elementor-top-section elementor-element elementor-element-67bec9c elementor-section-boxed elementor-section-height-default elementor-section-height-default ae-bg-gallery-type-default\" data-id=\"67bec9c\" data-element_type=\"section\" data-e-type=\"section\">\n\t\t\t\t\t\t<div class=\"elementor-container elementor-column-gap-default\">\n\t\t\t\t\t<div class=\"has_ae_slider elementor-column elementor-col-50 elementor-top-column elementor-element elementor-element-4a24958 ae-bg-gallery-type-default\" data-id=\"4a24958\" data-element_type=\"column\" data-e-type=\"column\">\n\t\t\t<div class=\"elementor-widget-wrap elementor-element-populated\">\n\t\t\t\t\t\t<div class=\"elementor-element elementor-element-a7f7d3d elementor-widget elementor-widget-text-editor\" data-id=\"a7f7d3d\" data-element_type=\"widget\" data-e-type=\"widget\" data-widget_type=\"text-editor.default\">\n\t\t\t\t<div class=\"elementor-widget-container\">\n\t\t\t\t\t\t\t\t\t<p>Die Informationen werden von swisslabnat Sarl bereitgestellt, und obwohl wir uns bem\u00fchen, die Informationen aktuell und korrekt zu halten, k\u00f6nnen wir in keiner Weise deren Vollst\u00e4ndigkeit, Genauigkeit, Zuverl\u00e4ssigkeit, Aktualit\u00e4t oder Verf\u00fcgbarkeit in Bezug auf die Informationen, Produkte und Dienstleistungen versprechen oder garantieren auf unserer Website erw\u00e4hnt, einschlie\u00dflich der Grafiken, die ihren Inhalt unterst\u00fctzen. Jegliches Vertrauen in den Inhalt unserer Website geht zu Ihren Lasten und befreit uns von jeglicher Haftung nach dem Gesetz, und Swisslabnat Sarl kann in keiner Weise eine medizinische Beratung ersetzen.<\/p>\t\t\t\t\t\t\t\t<\/div>\n\t\t\t\t<\/div>\n\t\t\t\t\t<\/div>\n\t\t<\/div>\n\t\t\t\t<div class=\"has_ae_slider elementor-column elementor-col-50 elementor-top-column elementor-element elementor-element-fb657c8 ae-bg-gallery-type-default\" data-id=\"fb657c8\" data-element_type=\"column\" data-e-type=\"column\">\n\t\t\t<div class=\"elementor-widget-wrap elementor-element-populated\">\n\t\t\t\t\t\t<div class=\"elementor-element elementor-element-a034fd3 elementor-widget elementor-widget-image\" data-id=\"a034fd3\" data-element_type=\"widget\" data-e-type=\"widget\" data-widget_type=\"image.default\">\n\t\t\t\t<div class=\"elementor-widget-container\">\n\t\t\t\t\t\t\t\t\t\t\t\t\t\t\t<img fetchpriority=\"high\" decoding=\"async\" width=\"600\" height=\"232\" src=\"https:\/\/www.swisslabnat.com\/wp2022\/wp-content\/uploads\/2022\/02\/legal02-600x232-1.png\" class=\"attachment-full size-full wp-image-1392\" alt=\"\" srcset=\"https:\/\/www.swisslabnat.com\/wp2022\/wp-content\/uploads\/2022\/02\/legal02-600x232-1.png 600w, https:\/\/www.swisslabnat.com\/wp2022\/wp-content\/uploads\/2022\/02\/legal02-600x232-1-300x116.png 300w\" sizes=\"(max-width: 600px) 100vw, 600px\" \/>\t\t\t\t\t\t\t\t\t\t\t\t\t\t\t<\/div>\n\t\t\t\t<\/div>\n\t\t\t\t\t<\/div>\n\t\t<\/div>\n\t\t\t\t\t<\/div>\n\t\t<\/section>\n\t\t\t\t<section class=\"has_ae_slider elementor-section elementor-top-section elementor-element elementor-element-23f1836 elementor-section-boxed elementor-section-height-default elementor-section-height-default ae-bg-gallery-type-default\" data-id=\"23f1836\" data-element_type=\"section\" data-e-type=\"section\">\n\t\t\t\t\t\t<div class=\"elementor-container elementor-column-gap-default\">\n\t\t\t\t\t<div class=\"has_ae_slider elementor-column elementor-col-50 elementor-top-column elementor-element elementor-element-12b2b5d ae-bg-gallery-type-default\" data-id=\"12b2b5d\" data-element_type=\"column\" data-e-type=\"column\">\n\t\t\t<div class=\"elementor-widget-wrap elementor-element-populated\">\n\t\t\t\t\t\t<div class=\"elementor-element elementor-element-7ae0d97 elementor-widget elementor-widget-image\" data-id=\"7ae0d97\" data-element_type=\"widget\" data-e-type=\"widget\" data-widget_type=\"image.default\">\n\t\t\t\t<div class=\"elementor-widget-container\">\n\t\t\t\t\t\t\t\t\t\t\t\t\t\t\t<img decoding=\"async\" width=\"600\" height=\"327\" src=\"https:\/\/www.swisslabnat.com\/wp2022\/wp-content\/uploads\/2022\/02\/legal01-600x327-1.png\" class=\"attachment-full size-full wp-image-1394\" alt=\"\" srcset=\"https:\/\/www.swisslabnat.com\/wp2022\/wp-content\/uploads\/2022\/02\/legal01-600x327-1.png 600w, https:\/\/www.swisslabnat.com\/wp2022\/wp-content\/uploads\/2022\/02\/legal01-600x327-1-300x164.png 300w\" sizes=\"(max-width: 600px) 100vw, 600px\" \/>\t\t\t\t\t\t\t\t\t\t\t\t\t\t\t<\/div>\n\t\t\t\t<\/div>\n\t\t\t\t\t<\/div>\n\t\t<\/div>\n\t\t\t\t<div class=\"has_ae_slider elementor-column elementor-col-50 elementor-top-column elementor-element elementor-element-2e6ac27 ae-bg-gallery-type-default\" data-id=\"2e6ac27\" data-element_type=\"column\" data-e-type=\"column\">\n\t\t\t<div class=\"elementor-widget-wrap elementor-element-populated\">\n\t\t\t\t\t\t<div class=\"elementor-element elementor-element-d0b28db elementor-widget elementor-widget-text-editor\" data-id=\"d0b28db\" data-element_type=\"widget\" data-e-type=\"widget\" data-widget_type=\"text-editor.default\">\n\t\t\t\t<div class=\"elementor-widget-container\">\n\t\t\t\t\t\t\t\t\t<p>Bitte beachten Sie, dass die von swisslabnat Sarl ver\u00f6ffentlichten Informationen \u00fcber ihre Produkte und Rezepturen f\u00fcr eine zug\u00e4ngliche erste Lesung vereinfacht sind.<\/p><p>Die auf unserer Website und auf allen unseren Produktverpackungen ver\u00f6ffentlichten medizinischen Informationen sollten den medizinischen Rat eines Arztes nicht ersetzen.<\/p><p>swisslabnat Sarl empfiehlt keine Selbstmedikation und erinnert daran, dass die auf der Website bereitgestellten Informationen nicht vollst\u00e4ndig sind und nicht alle Gesundheitsprobleme oder sogar alle L\u00f6sungen enthalten.<\/p>\t\t\t\t\t\t\t\t<\/div>\n\t\t\t\t<\/div>\n\t\t\t\t\t<\/div>\n\t\t<\/div>\n\t\t\t\t\t<\/div>\n\t\t<\/section>\n\t\t\t\t<section class=\"has_ae_slider elementor-section elementor-top-section elementor-element elementor-element-d316d69 elementor-section-boxed elementor-section-height-default elementor-section-height-default ae-bg-gallery-type-default\" data-id=\"d316d69\" data-element_type=\"section\" data-e-type=\"section\">\n\t\t\t\t\t\t<div class=\"elementor-container elementor-column-gap-default\">\n\t\t\t\t\t<div class=\"has_ae_slider elementor-column elementor-col-100 elementor-top-column elementor-element elementor-element-fe3530d ae-bg-gallery-type-default\" data-id=\"fe3530d\" data-element_type=\"column\" data-e-type=\"column\">\n\t\t\t<div class=\"elementor-widget-wrap elementor-element-populated\">\n\t\t\t\t\t\t<div class=\"elementor-element elementor-element-42011e0 elementor-widget elementor-widget-text-editor\" data-id=\"42011e0\" data-element_type=\"widget\" data-e-type=\"widget\" data-widget_type=\"text-editor.default\">\n\t\t\t\t<div class=\"elementor-widget-container\">\n\t\t\t\t\t\t\t\t\t<p>Es werden alle Anstrengungen unternommen, um die Website jederzeit betriebsbereit zu halten. swisslabnat Sarl \u00fcbernimmt jedoch keine Verantwortung f\u00fcr technische Probleme, die au\u00dferhalb unserer Kontrolle liegen.<\/p>\t\t\t\t\t\t\t\t<\/div>\n\t\t\t\t<\/div>\n\t\t\t\t\t<\/div>\n\t\t<\/div>\n\t\t\t\t\t<\/div>\n\t\t<\/section>\n\t\t\t\t<section class=\"has_ae_slider elementor-section elementor-top-section elementor-element elementor-element-2089a81 elementor-section-full_width elementor-section-stretched elementor-section-height-default elementor-section-height-default ae-bg-gallery-type-default\" data-id=\"2089a81\" data-element_type=\"section\" data-e-type=\"section\" data-settings=\"{&quot;stretch_section&quot;:&quot;section-stretched&quot;,&quot;background_background&quot;:&quot;classic&quot;}\">\n\t\t\t\t\t\t<div class=\"elementor-container elementor-column-gap-default\">\n\t\t\t\t\t<div class=\"has_ae_slider elementor-column elementor-col-100 elementor-top-column elementor-element elementor-element-07e87fc ae-bg-gallery-type-default\" data-id=\"07e87fc\" data-element_type=\"column\" data-e-type=\"column\">\n\t\t\t<div class=\"elementor-widget-wrap elementor-element-populated\">\n\t\t\t\t\t\t<div class=\"elementor-element elementor-element-a8b9d91 elementor-widget elementor-widget-text-editor\" data-id=\"a8b9d91\" data-element_type=\"widget\" data-e-type=\"widget\" data-widget_type=\"text-editor.default\">\n\t\t\t\t<div class=\"elementor-widget-container\">\n\t\t\t\t\t\t\t\t\t<p><span style=\"color: #ffffff;\">Haben Sie irgendwelche Fragen ?<\/span><\/p><p><span style=\"color: #ffffff;\">Wenn Sie weitere Informationen \u00fcber uns oder unsere Produkte ben\u00f6tigen, z\u00f6gern Sie nicht, uns zu kontaktieren!<\/span><\/p>\t\t\t\t\t\t\t\t<\/div>\n\t\t\t\t<\/div>\n\t\t\t\t<div class=\"elementor-element elementor-element-76ce21b elementor-align-center elementor-widget elementor-widget-button\" data-id=\"76ce21b\" data-element_type=\"widget\" data-e-type=\"widget\" data-widget_type=\"button.default\">\n\t\t\t\t<div class=\"elementor-widget-container\">\n\t\t\t\t\t\t\t\t\t<div class=\"elementor-button-wrapper\">\n\t\t\t\t\t<a class=\"elementor-button elementor-button-link elementor-size-sm\" href=\"https:\/\/www.swisslabnat.com\/wp2022\/contact\/\" target=\"_blank\">\n\t\t\t\t\t\t<span class=\"elementor-button-content-wrapper\">\n\t\t\t\t\t\t\t\t\t<span class=\"elementor-button-text\">IN KONTAKT KOMMEN<\/span>\n\t\t\t\t\t<\/span>\n\t\t\t\t\t<\/a>\n\t\t\t\t<\/div>\n\t\t\t\t\t\t\t\t<\/div>\n\t\t\t\t<\/div>\n\t\t\t\t\t<\/div>\n\t\t<\/div>\n\t\t\t\t\t<\/div>\n\t\t<\/section>\n\t\t\t\t<\/div>\n\t\t","protected":false},"excerpt":{"rendered":"<p>Haftungsausschluss Die Informationen auf unserer Website werden nur zu Informationszwecken zur Verf\u00fcgung gestellt. Die Informationen werden von swisslabnat Sarl bereitgestellt, und obwohl wir uns bem\u00fchen, die Informationen aktuell und korrekt zu halten, k\u00f6nnen wir in keiner Weise deren Vollst\u00e4ndigkeit, Genauigkeit, Zuverl\u00e4ssigkeit, Aktualit\u00e4t oder Verf\u00fcgbarkeit in Bezug auf die Informationen, Produkte und Dienstleistungen versprechen oder garantieren [&hellip;]<\/p>\n","protected":false},"author":1,"featured_media":0,"parent":0,"menu_order":0,"comment_status":"closed","ping_status":"closed","template":"","meta":{"_acf_changed":false,"footnotes":""},"class_list":["post-2893","page","type-page","status-publish","hentry","entry","owp-thumbs-layout-horizontal","owp-btn-normal","owp-tabs-layout-horizontal","has-no-thumbnails"],"acf":[],"yoast_head":"<!-- This site is optimized with the Yoast SEO plugin v27.6 - https:\/\/yoast.com\/product\/yoast-seo-wordpress\/ -->\n<title>Haftungsausschluss - Swisslabnat S\u00e0rl<\/title>\n<meta name=\"robots\" content=\"index, follow, max-snippet:-1, max-image-preview:large, max-video-preview:-1\" \/>\n<link rel=\"canonical\" href=\"https:\/\/www.swisslabnat.com\/de\/haftungsausschluss\/\" \/>\n<meta property=\"og:locale\" content=\"de_DE\" \/>\n<meta property=\"og:type\" content=\"article\" \/>\n<meta property=\"og:title\" content=\"Haftungsausschluss - Swisslabnat S\u00e0rl\" \/>\n<meta property=\"og:description\" content=\"Haftungsausschluss Die Informationen auf unserer Website werden nur zu Informationszwecken zur Verf\u00fcgung gestellt. Die Informationen werden von swisslabnat Sarl bereitgestellt, und obwohl wir uns bem\u00fchen, die Informationen aktuell und korrekt zu halten, k\u00f6nnen wir in keiner Weise deren Vollst\u00e4ndigkeit, Genauigkeit, Zuverl\u00e4ssigkeit, Aktualit\u00e4t oder Verf\u00fcgbarkeit in Bezug auf die Informationen, Produkte und Dienstleistungen versprechen oder garantieren [&hellip;]\" \/>\n<meta property=\"og:url\" content=\"https:\/\/www.swisslabnat.com\/de\/haftungsausschluss\/\" \/>\n<meta property=\"og:site_name\" content=\"Swisslabnat S\u00e0rl\" \/>\n<meta property=\"article:publisher\" content=\"https:\/\/www.facebook.com\/swisslabnat\" \/>\n<meta property=\"article:modified_time\" content=\"2022-05-17T08:57:15+00:00\" \/>\n<meta property=\"og:image\" content=\"https:\/\/www.swisslabnat.com\/wp2022\/wp-content\/uploads\/2022\/02\/legal02-600x232-1.png\" \/>\n<meta name=\"twitter:card\" content=\"summary_large_image\" \/>\n<meta name=\"twitter:label1\" content=\"Est. reading time\" \/>\n\t<meta name=\"twitter:data1\" content=\"1 minute\" \/>\n<script type=\"application\/ld+json\" class=\"yoast-schema-graph\">{\"@context\":\"https:\\\/\\\/schema.org\",\"@graph\":[{\"@type\":\"WebPage\",\"@id\":\"https:\\\/\\\/www.swisslabnat.com\\\/de\\\/haftungsausschluss\\\/\",\"url\":\"https:\\\/\\\/www.swisslabnat.com\\\/de\\\/haftungsausschluss\\\/\",\"name\":\"Haftungsausschluss - Swisslabnat S\u00e0rl\",\"isPartOf\":{\"@id\":\"https:\\\/\\\/www.swisslabnat.com\\\/#website\"},\"primaryImageOfPage\":{\"@id\":\"https:\\\/\\\/www.swisslabnat.com\\\/de\\\/haftungsausschluss\\\/#primaryimage\"},\"image\":{\"@id\":\"https:\\\/\\\/www.swisslabnat.com\\\/de\\\/haftungsausschluss\\\/#primaryimage\"},\"thumbnailUrl\":\"https:\\\/\\\/www.swisslabnat.com\\\/wp2022\\\/wp-content\\\/uploads\\\/2022\\\/02\\\/legal02-600x232-1.png\",\"datePublished\":\"2022-02-22T16:14:56+00:00\",\"dateModified\":\"2022-05-17T08:57:15+00:00\",\"breadcrumb\":{\"@id\":\"https:\\\/\\\/www.swisslabnat.com\\\/de\\\/haftungsausschluss\\\/#breadcrumb\"},\"inLanguage\":\"de-DE\",\"potentialAction\":[{\"@type\":\"ReadAction\",\"target\":[\"https:\\\/\\\/www.swisslabnat.com\\\/de\\\/haftungsausschluss\\\/\"]}]},{\"@type\":\"ImageObject\",\"inLanguage\":\"de-DE\",\"@id\":\"https:\\\/\\\/www.swisslabnat.com\\\/de\\\/haftungsausschluss\\\/#primaryimage\",\"url\":\"https:\\\/\\\/www.swisslabnat.com\\\/wp2022\\\/wp-content\\\/uploads\\\/2022\\\/02\\\/legal02-600x232-1.png\",\"contentUrl\":\"https:\\\/\\\/www.swisslabnat.com\\\/wp2022\\\/wp-content\\\/uploads\\\/2022\\\/02\\\/legal02-600x232-1.png\"},{\"@type\":\"BreadcrumbList\",\"@id\":\"https:\\\/\\\/www.swisslabnat.com\\\/de\\\/haftungsausschluss\\\/#breadcrumb\",\"itemListElement\":[{\"@type\":\"ListItem\",\"position\":1,\"name\":\"Accueil\",\"item\":\"https:\\\/\\\/www.swisslabnat.com\\\/de\\\/startseite\\\/\"},{\"@type\":\"ListItem\",\"position\":2,\"name\":\"Haftungsausschluss\"}]},{\"@type\":\"WebSite\",\"@id\":\"https:\\\/\\\/www.swisslabnat.com\\\/#website\",\"url\":\"https:\\\/\\\/www.swisslabnat.com\\\/\",\"name\":\"Swisslabnat S\u00e0rl\",\"description\":\"L&#039;\u00e9nergie de la lumi\u00e8re et le pouvoir des plantes\",\"publisher\":{\"@id\":\"https:\\\/\\\/www.swisslabnat.com\\\/#organization\"},\"potentialAction\":[{\"@type\":\"SearchAction\",\"target\":{\"@type\":\"EntryPoint\",\"urlTemplate\":\"https:\\\/\\\/www.swisslabnat.com\\\/?s={search_term_string}\"},\"query-input\":{\"@type\":\"PropertyValueSpecification\",\"valueRequired\":true,\"valueName\":\"search_term_string\"}}],\"inLanguage\":\"de-DE\"},{\"@type\":\"Organization\",\"@id\":\"https:\\\/\\\/www.swisslabnat.com\\\/#organization\",\"name\":\"Swisslabnat S\u00e0rl\",\"url\":\"https:\\\/\\\/www.swisslabnat.com\\\/\",\"logo\":{\"@type\":\"ImageObject\",\"inLanguage\":\"de-DE\",\"@id\":\"https:\\\/\\\/www.swisslabnat.com\\\/#\\\/schema\\\/logo\\\/image\\\/\",\"url\":\"https:\\\/\\\/www.swisslabnat.com\\\/wp2022\\\/wp-content\\\/uploads\\\/2022\\\/02\\\/swisslabnat-logo.png\",\"contentUrl\":\"https:\\\/\\\/www.swisslabnat.com\\\/wp2022\\\/wp-content\\\/uploads\\\/2022\\\/02\\\/swisslabnat-logo.png\",\"width\":200,\"height\":41,\"caption\":\"Swisslabnat S\u00e0rl\"},\"image\":{\"@id\":\"https:\\\/\\\/www.swisslabnat.com\\\/#\\\/schema\\\/logo\\\/image\\\/\"},\"sameAs\":[\"https:\\\/\\\/www.facebook.com\\\/swisslabnat\",\"https:\\\/\\\/www.instagram.com\\\/swisslabnat\\\/\"]}]}<\/script>\n<!-- \/ Yoast SEO plugin. -->","yoast_head_json":{"title":"Haftungsausschluss - Swisslabnat S\u00e0rl","robots":{"index":"index","follow":"follow","max-snippet":"max-snippet:-1","max-image-preview":"max-image-preview:large","max-video-preview":"max-video-preview:-1"},"canonical":"https:\/\/www.swisslabnat.com\/de\/haftungsausschluss\/","og_locale":"de_DE","og_type":"article","og_title":"Haftungsausschluss - Swisslabnat S\u00e0rl","og_description":"Haftungsausschluss Die Informationen auf unserer Website werden nur zu Informationszwecken zur Verf\u00fcgung gestellt. Die Informationen werden von swisslabnat Sarl bereitgestellt, und obwohl wir uns bem\u00fchen, die Informationen aktuell und korrekt zu halten, k\u00f6nnen wir in keiner Weise deren Vollst\u00e4ndigkeit, Genauigkeit, Zuverl\u00e4ssigkeit, Aktualit\u00e4t oder Verf\u00fcgbarkeit in Bezug auf die Informationen, Produkte und Dienstleistungen versprechen oder garantieren [&hellip;]","og_url":"https:\/\/www.swisslabnat.com\/de\/haftungsausschluss\/","og_site_name":"Swisslabnat S\u00e0rl","article_publisher":"https:\/\/www.facebook.com\/swisslabnat","article_modified_time":"2022-05-17T08:57:15+00:00","og_image":[{"url":"https:\/\/www.swisslabnat.com\/wp2022\/wp-content\/uploads\/2022\/02\/legal02-600x232-1.png","type":"","width":"","height":""}],"twitter_card":"summary_large_image","twitter_misc":{"Est. reading time":"1 minute"},"schema":{"@context":"https:\/\/schema.org","@graph":[{"@type":"WebPage","@id":"https:\/\/www.swisslabnat.com\/de\/haftungsausschluss\/","url":"https:\/\/www.swisslabnat.com\/de\/haftungsausschluss\/","name":"Haftungsausschluss - Swisslabnat S\u00e0rl","isPartOf":{"@id":"https:\/\/www.swisslabnat.com\/#website"},"primaryImageOfPage":{"@id":"https:\/\/www.swisslabnat.com\/de\/haftungsausschluss\/#primaryimage"},"image":{"@id":"https:\/\/www.swisslabnat.com\/de\/haftungsausschluss\/#primaryimage"},"thumbnailUrl":"https:\/\/www.swisslabnat.com\/wp2022\/wp-content\/uploads\/2022\/02\/legal02-600x232-1.png","datePublished":"2022-02-22T16:14:56+00:00","dateModified":"2022-05-17T08:57:15+00:00","breadcrumb":{"@id":"https:\/\/www.swisslabnat.com\/de\/haftungsausschluss\/#breadcrumb"},"inLanguage":"de-DE","potentialAction":[{"@type":"ReadAction","target":["https:\/\/www.swisslabnat.com\/de\/haftungsausschluss\/"]}]},{"@type":"ImageObject","inLanguage":"de-DE","@id":"https:\/\/www.swisslabnat.com\/de\/haftungsausschluss\/#primaryimage","url":"https:\/\/www.swisslabnat.com\/wp2022\/wp-content\/uploads\/2022\/02\/legal02-600x232-1.png","contentUrl":"https:\/\/www.swisslabnat.com\/wp2022\/wp-content\/uploads\/2022\/02\/legal02-600x232-1.png"},{"@type":"BreadcrumbList","@id":"https:\/\/www.swisslabnat.com\/de\/haftungsausschluss\/#breadcrumb","itemListElement":[{"@type":"ListItem","position":1,"name":"Accueil","item":"https:\/\/www.swisslabnat.com\/de\/startseite\/"},{"@type":"ListItem","position":2,"name":"Haftungsausschluss"}]},{"@type":"WebSite","@id":"https:\/\/www.swisslabnat.com\/#website","url":"https:\/\/www.swisslabnat.com\/","name":"Swisslabnat S\u00e0rl","description":"L&#039;\u00e9nergie de la lumi\u00e8re et le pouvoir des plantes","publisher":{"@id":"https:\/\/www.swisslabnat.com\/#organization"},"potentialAction":[{"@type":"SearchAction","target":{"@type":"EntryPoint","urlTemplate":"https:\/\/www.swisslabnat.com\/?s={search_term_string}"},"query-input":{"@type":"PropertyValueSpecification","valueRequired":true,"valueName":"search_term_string"}}],"inLanguage":"de-DE"},{"@type":"Organization","@id":"https:\/\/www.swisslabnat.com\/#organization","name":"Swisslabnat S\u00e0rl","url":"https:\/\/www.swisslabnat.com\/","logo":{"@type":"ImageObject","inLanguage":"de-DE","@id":"https:\/\/www.swisslabnat.com\/#\/schema\/logo\/image\/","url":"https:\/\/www.swisslabnat.com\/wp2022\/wp-content\/uploads\/2022\/02\/swisslabnat-logo.png","contentUrl":"https:\/\/www.swisslabnat.com\/wp2022\/wp-content\/uploads\/2022\/02\/swisslabnat-logo.png","width":200,"height":41,"caption":"Swisslabnat S\u00e0rl"},"image":{"@id":"https:\/\/www.swisslabnat.com\/#\/schema\/logo\/image\/"},"sameAs":["https:\/\/www.facebook.com\/swisslabnat","https:\/\/www.instagram.com\/swisslabnat\/"]}]}},"_links":{"self":[{"href":"https:\/\/www.swisslabnat.com\/de\/wp-json\/wp\/v2\/pages\/2893","targetHints":{"allow":["GET"]}}],"collection":[{"href":"https:\/\/www.swisslabnat.com\/de\/wp-json\/wp\/v2\/pages"}],"about":[{"href":"https:\/\/www.swisslabnat.com\/de\/wp-json\/wp\/v2\/types\/page"}],"author":[{"embeddable":true,"href":"https:\/\/www.swisslabnat.com\/de\/wp-json\/wp\/v2\/users\/1"}],"replies":[{"embeddable":true,"href":"https:\/\/www.swisslabnat.com\/de\/wp-json\/wp\/v2\/comments?post=2893"}],"version-history":[{"count":2,"href":"https:\/\/www.swisslabnat.com\/de\/wp-json\/wp\/v2\/pages\/2893\/revisions"}],"predecessor-version":[{"id":2910,"href":"https:\/\/www.swisslabnat.com\/de\/wp-json\/wp\/v2\/pages\/2893\/revisions\/2910"}],"wp:attachment":[{"href":"https:\/\/www.swisslabnat.com\/de\/wp-json\/wp\/v2\/media?parent=2893"}],"curies":[{"name":"wp","href":"https:\/\/api.w.org\/{rel}","templated":true}]}}